{"id":9063,"date":"2021-09-18T10:55:55","date_gmt":"2021-09-18T08:55:55","guid":{"rendered":"https:\/\/s-mania.si\/izdelek\/takticna-oprsnica-za-pse\/"},"modified":"2024-08-09T18:06:20","modified_gmt":"2024-08-09T16:06:20","slug":"takticna-oprsnica-za-pse","status":"publish","type":"product","link":"https:\/\/megapelican.com\/si\/izdelek\/takticna-oprsnica-za-pse\/","title":{"rendered":"Takti\u010dna oprsnica za pse"},"content":{"rendered":"<div class=\"smania_landing_description_title\">Novo! Takti\u010dna oprsnica za pse<\/div>\n<div class=\"smania_landing_description_txt\">Udobna in trpe\u017ena oprsnica za va\u0161ega kosmatega prijatelja!<\/div>\n<div class=\"smania_landing_description_subtitle\">Zagotovite svojemu psu prosto gibanje in udobje s to odli\u010dno takti\u010dno oprsnico. Idealna je za sprehode in treninge, saj zagotavlja bolj\u0161o okretnost kot obi\u010dajna ovratnica in povodec!<\/div>\n<div class=\"smania_landing_description_list\">\n<ul>\n<li>Velcro na strani za namestitev zna\u010dke ali identifikacijo<\/li>\n<li>Vzdr\u017eljiv in kakovosten material<\/li>\n<li>Mehka, oblazinjena oprsnica za najve\u010dje udobje<\/li>\n<li>Ro\u010daj in zaponka v obliki \u010drke V na hrbtni strani za bolj u\u010dinkovit trening<\/li>\n<li>Mo\u010dan in raztegljiv povodec je vklju\u010den v paket<\/li>\n<\/ul><\/div>\n","protected":false},"excerpt":{"rendered":"<p>Kakovostni in trpe\u017eni materiali|Oblazinjena oprsnica za najve\u010dje udobje|Zagotavlja odli\u010dno okretnost|Raztegljiv povodec je vklju\u010den v paket|Velcro za identifikacijske zna\u010dke|Na voljo v dveh velikostih: S in L|Mo\u010dna in trpe\u017ena|Material: najlon<\/p>\n","protected":false},"featured_media":42359,"template":"","meta":{"_acf_changed":false},"product_cat":[20],"product_tag":[],"acf":[],"_links":{"self":[{"href":"https:\/\/megapelican.com\/si\/wp-json\/wp\/v2\/product\/9063"}],"collection":[{"href":"https:\/\/megapelican.com\/si\/wp-json\/wp\/v2\/product"}],"about":[{"href":"https:\/\/megapelican.com\/si\/wp-json\/wp\/v2\/types\/product"}],"wp:featuredmedia":[{"embeddable":true,"href":"https:\/\/megapelican.com\/si\/wp-json\/wp\/v2\/media\/42359"}],"wp:attachment":[{"href":"https:\/\/megapelican.com\/si\/wp-json\/wp\/v2\/media?parent=9063"}],"wp:term":[{"taxonomy":"product_cat","embeddable":true,"href":"https:\/\/megapelican.com\/si\/wp-json\/wp\/v2\/product_cat?post=9063"},{"taxonomy":"product_tag","embeddable":true,"href":"https:\/\/megapelican.com\/si\/wp-json\/wp\/v2\/product_tag?post=9063"}],"curies":[{"name":"wp","href":"https:\/\/api.w.org\/{rel}","templated":true}]}}