{"id":8907,"date":"2021-09-18T10:44:45","date_gmt":"2021-09-18T08:44:45","guid":{"rendered":"https:\/\/s-mania.si\/izdelek\/5-delni-komplet-za-odstranjevanje-vijakov-extractorpro\/"},"modified":"2024-03-01T08:40:58","modified_gmt":"2024-03-01T07:40:58","slug":"5-delni-komplet-za-odstranjevanje-vijakov-extractorpro","status":"publish","type":"product","link":"https:\/\/megapelican.com\/si\/izdelek\/5-delni-komplet-za-odstranjevanje-vijakov-extractorpro\/","title":{"rendered":"5-delni komplet za odstranjevanje vijakov ExtractorPro"},"content":{"rendered":"<div class=\"smania_landing_description_title\">Novo! 5-delni komplet za odstranjevanje vijakov ExtractorPro<\/div>\n<div class=\"smania_landing_description_txt\">Odstranite po\u0161kodovane vijake z lahkoto!<\/div>\n<div class=\"smania_landing_description_subtitle\">ExtractorPro je edinstven komplet, posebej zasnovan za odvijanje te\u017eko odstranljivih vijakov, ki vam bo prihranil dragocen \u010das, energijo in napor.<\/div>\n<div class=\"smania_landing_description_list\">\n<ul>\n<li>Preprosto in hitro odstrani zlomljene ali zarjavele vijake in navoje<\/li>\n<li>Iz kaljenega hitroreznega jekla<\/li>\n<li>5 razli\u010dnih nastavkov, ki se lahko uporabljajo na vseh vrstah in velikostih vijakov<\/li>\n<li>Zdru\u017eljiv s katerimkoli univerzalnim vrtalnikom<\/li>\n<li>Popolno darilo za vsakega mojstra<\/li>\n<\/ul>\n<\/div>\n","protected":false},"excerpt":{"rendered":"<p>Izdelani iz vrhunskega kaljenega jekla|Prihrani \u010das in je enostaven za uporabo|Za odstranjevanje zarjavelih ali po\u0161kodovanih vijakov|Univerzalno 6,2 mm \u0161estkotno steblo|5 ekstrakcijskih bitov razli\u010dnih velikosti|Uporabite s katerimkoli standardnim vrtalnikom|Prilo\u017eena \u0161katla za shranjevanje|Material: hitrorezno jeklo<\/p>\n","protected":false},"featured_media":14338,"template":"","meta":{"_acf_changed":false},"product_cat":[1072,222,887],"product_tag":[624],"acf":[],"_links":{"self":[{"href":"https:\/\/megapelican.com\/si\/wp-json\/wp\/v2\/product\/8907"}],"collection":[{"href":"https:\/\/megapelican.com\/si\/wp-json\/wp\/v2\/product"}],"about":[{"href":"https:\/\/megapelican.com\/si\/wp-json\/wp\/v2\/types\/product"}],"wp:featuredmedia":[{"embeddable":true,"href":"https:\/\/megapelican.com\/si\/wp-json\/wp\/v2\/media\/14338"}],"wp:attachment":[{"href":"https:\/\/megapelican.com\/si\/wp-json\/wp\/v2\/media?parent=8907"}],"wp:term":[{"taxonomy":"product_cat","embeddable":true,"href":"https:\/\/megapelican.com\/si\/wp-json\/wp\/v2\/product_cat?post=8907"},{"taxonomy":"product_tag","embeddable":true,"href":"https:\/\/megapelican.com\/si\/wp-json\/wp\/v2\/product_tag?post=8907"}],"curies":[{"name":"wp","href":"https:\/\/api.w.org\/{rel}","templated":true}]}}