{"id":84847,"date":"2026-04-15T12:20:11","date_gmt":"2026-04-15T10:20:11","guid":{"rendered":"https:\/\/megapelican.com\/si\/izdelek\/montekiddo-lesena-mizica-s-stolckom-za-malcke\/"},"modified":"2026-04-15T12:20:24","modified_gmt":"2026-04-15T10:20:24","slug":"montekiddo-lesena-mizica-s-stolckom-za-malcke","status":"publish","type":"product","link":"https:\/\/megapelican.com\/si\/izdelek\/montekiddo-lesena-mizica-s-stolckom-za-malcke\/","title":{"rendered":"MonteKiddo\u2122 lesena mizica s stol\u010dkom za mal\u010dke"},"content":{"rendered":"<div class=\"smania_landing_description_title\">NOVO! Komplet otro\u0161kega pohi\u0161tva 3 v 1<\/div>\n<div class=\"smania_landing_description_txt\">Izdelano za majhne roke in velike sanje!<\/div>\n<div class=\"smania_landing_description_subtitle\"> Zagotovite otroku popoln prostor za sedenje, igro, risanje in rast. Lesena mizica MonteKiddo\u2122 je izdelana za radovedne mal\u010dke in zasnovana tako, da se razvija z vsakim korakom &#8211; od zibajo\u010dih se prvih korakov do samozavestne ustvarjalnosti. Vklju\u010duje majhne pladnje za shranjevanje &#8211; kot nala\u0161\u010d za svin\u010dnike, barvice in druge majhne zaklade.<\/div>\n<div class=\"smania_landing_description_list\">\n<ul>\n<li>Preoblikuje se v mizo, stol\u010dek in drugo<\/li>\n<li>Spodbuja samostojnost in u\u010denje<\/li>\n<li>Opremljena je z mini pladnji za barvice, svin\u010dnike in manj\u0161e predmete<\/li>\n<li>Raste skupaj z va\u0161im otrokom (9 m-6 let)<\/li>\n<li>Varna, trpe\u017ena in navdihnjna po metodi Montessori<\/li>\n<li>Enostavno sestavljanje, orodje ni potrebno<\/li>\n<\/ul><\/div>\n","protected":false},"excerpt":{"rendered":"<p>Obrni in zlo\u017ei v hipu|Popolnoma primeren za majhne prostore|Doda slog otro\u0161ki sobi|Spodbuja samostojno igro|Mizica: 36 \u00d7 33 \u00d7 38 cm|Stol\u010dek: 30 \u00d7 28 \u00d7 31 cm|Material: Naravni borov les|Priporo\u010dena starost: od 9 mesecev do 6 let<\/p>\n","protected":false},"featured_media":84846,"template":"","meta":{"_acf_changed":false},"product_cat":[17],"product_tag":[473,256],"acf":[],"_links":{"self":[{"href":"https:\/\/megapelican.com\/si\/wp-json\/wp\/v2\/product\/84847"}],"collection":[{"href":"https:\/\/megapelican.com\/si\/wp-json\/wp\/v2\/product"}],"about":[{"href":"https:\/\/megapelican.com\/si\/wp-json\/wp\/v2\/types\/product"}],"wp:featuredmedia":[{"embeddable":true,"href":"https:\/\/megapelican.com\/si\/wp-json\/wp\/v2\/media\/84846"}],"wp:attachment":[{"href":"https:\/\/megapelican.com\/si\/wp-json\/wp\/v2\/media?parent=84847"}],"wp:term":[{"taxonomy":"product_cat","embeddable":true,"href":"https:\/\/megapelican.com\/si\/wp-json\/wp\/v2\/product_cat?post=84847"},{"taxonomy":"product_tag","embeddable":true,"href":"https:\/\/megapelican.com\/si\/wp-json\/wp\/v2\/product_tag?post=84847"}],"curies":[{"name":"wp","href":"https:\/\/api.w.org\/{rel}","templated":true}]}}