{"id":84833,"date":"2026-04-15T11:58:25","date_gmt":"2026-04-15T09:58:25","guid":{"rendered":"https:\/\/megapelican.com\/si\/izdelek\/taprack-stensko-stojalo-nad-pipo-s-priseskom\/"},"modified":"2026-04-15T11:58:41","modified_gmt":"2026-04-15T09:58:41","slug":"taprack-stensko-stojalo-nad-pipo-s-priseskom","status":"publish","type":"product","link":"https:\/\/megapelican.com\/si\/izdelek\/taprack-stensko-stojalo-nad-pipo-s-priseskom\/","title":{"rendered":"TapRack\u2122 stensko stojalo nad pipo s priseskom"},"content":{"rendered":"<div class=\"smania_landing_description_title\">NOVO: doda prostor, vrtanje ni potrebno<\/div>\n<div class=\"smania_landing_description_txt\">Pridobite prostor nad pipo in dodajte pridih razko\u0161ja &#8211; brez vrtanja!<\/div>\n<div class=\"smania_landing_description_subtitle\">Z mo\u010dnimi priseski ga namestite na steno in brez te\u017eav u\u017eivajte v dodatnem prostoru v kombinaciji z razko\u0161jem!<\/div>\n<div class=\"smania_landing_description_list\">\n<ul>\n<li>Pove\u010dajte prostor za umivalnik<\/li>\n<li>Zdru\u017eljiv z vsemi lijaki<\/li>\n<li>Varna namestitev s priseskom<\/li>\n<li>Vedno ga lahko sname\u0161 in spet pritrdi\u0161<\/li>\n<li>Vodoodporna zasnova z drena\u017enim sistemom<\/li>\n<\/ul><\/div>\n","protected":false},"excerpt":{"rendered":"<p>Mo\u010dni priseski tesno dr\u017eijo|Namestitev brez vrtanja in nereda|Dodaja pridih razko\u0161ja|Odstranljiv in pralen pladenj|Odli\u010dno za majhne kopalnice|Barva: oreh in \u010drna|Materiali: aluminijeva zlitina, silikon|Dimenzije police: 40 x 12 x 4 cm|Obremenitev s te\u017eo: 3 kg|Uporaba: vse gladke, ravne povr\u0161ine<\/p>\n","protected":false},"featured_media":84832,"template":"","meta":{"_acf_changed":false},"product_cat":[1395],"product_tag":[1399],"acf":[],"_links":{"self":[{"href":"https:\/\/megapelican.com\/si\/wp-json\/wp\/v2\/product\/84833"}],"collection":[{"href":"https:\/\/megapelican.com\/si\/wp-json\/wp\/v2\/product"}],"about":[{"href":"https:\/\/megapelican.com\/si\/wp-json\/wp\/v2\/types\/product"}],"wp:featuredmedia":[{"embeddable":true,"href":"https:\/\/megapelican.com\/si\/wp-json\/wp\/v2\/media\/84832"}],"wp:attachment":[{"href":"https:\/\/megapelican.com\/si\/wp-json\/wp\/v2\/media?parent=84833"}],"wp:term":[{"taxonomy":"product_cat","embeddable":true,"href":"https:\/\/megapelican.com\/si\/wp-json\/wp\/v2\/product_cat?post=84833"},{"taxonomy":"product_tag","embeddable":true,"href":"https:\/\/megapelican.com\/si\/wp-json\/wp\/v2\/product_tag?post=84833"}],"curies":[{"name":"wp","href":"https:\/\/api.w.org\/{rel}","templated":true}]}}