{"id":84816,"date":"2026-03-16T05:20:46","date_gmt":"2026-03-16T04:20:46","guid":{"rendered":"https:\/\/megapelican.com\/si\/izdelek\/dinopop-3d-pop-up-enciklopedija-dinozavrov\/"},"modified":"2026-03-30T22:11:27","modified_gmt":"2026-03-30T20:11:27","slug":"dinopop-3d-pop-up-enciklopedija-dinozavrov","status":"publish","type":"product","link":"https:\/\/megapelican.com\/si\/izdelek\/dinopop-3d-pop-up-enciklopedija-dinozavrov\/","title":{"rendered":"DinoPop\u2122 3D pop-up enciklopedija dinozavrov"},"content":{"rendered":"<div class=\"smania_landing_description_title\">NOVO, Enostavno \u010di\u0161\u010denje za vse povr\u0161ine<\/div>\n<div class=\"smania_landing_description_txt\">Knjiga, ki o\u017eivi dinozavre<\/div>\n<div class=\"smania_landing_description_subtitle\">DinoPop\u2122 o\u017eivi svet dinozavrov z velikanskimi 3D pop-up elementi, ki sko\u010dijo iz knjige v osupljivih podrobnostih. Polna zanimivih dejstev, humorja in spektakularnega papirnega in\u017eeniringa, u\u010denje spreminja v nepozabno pustolov\u0161\u010dino.<\/div>\n<div class=\"smania_landing_description_list\">\n<ul>\n<li>Ogromni 3D pop-up prizori, ki se na vsaki glavni strani razprejo v realisti\u010dno oblikovane dinozavre<\/li>\n<li>Vklju\u010duje T. rexa, raptorje, dolg vratne velikane, oklepne dinozavre in \u0161tevilne manj znane vrste<\/li>\n<li>Majhne pop-up knji\u017eice razkrivajo dodatna dejstva, zgodbe in presenetljive prazgodovinske zanimivosti<\/li>\n<li>Kombinacija izobra\u017eevalne vsebine in igrivega humorja pritegne tako otroke kot odrasle<\/li>\n<li>Izdelano z vrhunsko papirno konstrukcijo, zasnovano tako, da navdu\u0161uje, u\u010di in zdr\u017ei ve\u010d let<\/li>\n<\/ul><\/div>\n","protected":false},"excerpt":{"rendered":"<p>Ogromni 3D pop-up efekt|Izobra\u017eevalno in zabavno|\u017dive ilustracije|Vklju\u010dene mnoge vrste|Popolno darilo za ljubitelje dinozavrov|Format: 3D pop-up enciklopedija|Strani: 6 velikih razprtih strani z ve\u010d mini pop-up elementi|Vsebina: dejstva, prazgodovinska zgodovina in zgodbe iz paleontologije|Primerno za starost: 4+ (odli\u010dno tudi za zbiratelje in odrasle)|Velikost: 25 \u00d7 20 \u00d7 2,5 cm<\/p>\n","protected":false},"featured_media":84815,"template":"","meta":{"_acf_changed":false},"product_cat":[17],"product_tag":[477],"acf":[],"_links":{"self":[{"href":"https:\/\/megapelican.com\/si\/wp-json\/wp\/v2\/product\/84816"}],"collection":[{"href":"https:\/\/megapelican.com\/si\/wp-json\/wp\/v2\/product"}],"about":[{"href":"https:\/\/megapelican.com\/si\/wp-json\/wp\/v2\/types\/product"}],"wp:featuredmedia":[{"embeddable":true,"href":"https:\/\/megapelican.com\/si\/wp-json\/wp\/v2\/media\/84815"}],"wp:attachment":[{"href":"https:\/\/megapelican.com\/si\/wp-json\/wp\/v2\/media?parent=84816"}],"wp:term":[{"taxonomy":"product_cat","embeddable":true,"href":"https:\/\/megapelican.com\/si\/wp-json\/wp\/v2\/product_cat?post=84816"},{"taxonomy":"product_tag","embeddable":true,"href":"https:\/\/megapelican.com\/si\/wp-json\/wp\/v2\/product_tag?post=84816"}],"curies":[{"name":"wp","href":"https:\/\/api.w.org\/{rel}","templated":true}]}}