{"id":84801,"date":"2026-02-27T09:54:22","date_gmt":"2026-02-27T08:54:22","guid":{"rendered":"https:\/\/megapelican.com\/si\/izdelek\/fluffhut-plisasta-hiska-za-ljubljencke\/"},"modified":"2026-02-27T09:54:31","modified_gmt":"2026-02-27T08:54:31","slug":"fluffhut-plisasta-hiska-za-ljubljencke","status":"publish","type":"product","link":"https:\/\/megapelican.com\/si\/izdelek\/fluffhut-plisasta-hiska-za-ljubljencke\/","title":{"rendered":"FluffHut\u2122 pli\u0161asta hi\u0161ka za ljubljen\u010dke"},"content":{"rendered":"<div class=\"smania_landing_description_title\">NOVO, Najve\u010dje udobje za va\u0161ega hi\u0161nega ljubljen\u010dka<\/div>\n<div class=\"smania_landing_description_txt\">Najbolj udoben koti\u010dek, ki ga bo va\u0161 ljubljen\u010dek kdajkoli vzljubil!<\/div>\n<div class=\"smania_landing_description_subtitle\">Podarite svojemu ljubljen\u010dku topel in varen koti\u010dek s FluffHut\u2122, pli\u0161asto hi\u0161ko za po\u010ditek, zasnovano za udobje skozi vse leto. Mehki, odstranljivi in pralni deli jo naredijo popolno notranje zato\u010di\u0161\u010de za ma\u010dke in manj\u0161e pse.<\/div>\n<div class=\"smania_landing_description_list\">\n<ul>\n<li>Mehka in udobna notranjost \u2013 Pli\u0161asta tkanina zagotavlja topel in pomirjujo\u010d prostor za po\u010ditek ljubljen\u010dka<\/li>\n<li>Odstranljiva streha \u2013 Enostavno odpiranje, \u010di\u0161\u010denje in ponovno sestavljanje za stalno sve\u017eino<\/li>\n<li>Pralna blazina in materiali \u2013 Omogo\u010dajo higieni\u010dno spalno okolje z minimalnim vzdr\u017eevanjem<\/li>\n<li>Zlo\u017eljiva in prenosna zasnova \u2013 Enostavno se zlo\u017ei za priro\u010dno shranjevanje ali premikanje med prostori<\/li>\n<li>Stabilna protizdrsna podlaga \u2013 Poskrbi, da hi\u0161ka ostane na mestu, ko ljubljen\u010dek vstopa ali se premika v nje<\/li>\n<\/ul><\/div>\n","protected":false},"excerpt":{"rendered":"<p>Odstranljiva streha za enostavno \u010di\u0161\u010denje|Mehka pralna blazina|Zlo\u017eljiva zasnova za preprosto shranjevanje|Stabilna protizdrsna podlaga|Velikost: 45 \u00d7 40 \u00d7 45 cm |Zasnova: 3-delna konstrukcija (zunanji okvir, odstranljiva streha, pralna blazina)|Material: Pli\u0161asta tkanina s protizdrsno podlago|Uporaba: Primerno za notranje ma\u010dke in manj\u0161e pasme psov<\/p>\n","protected":false},"featured_media":84800,"template":"","meta":{"_acf_changed":false},"product_cat":[20],"product_tag":[],"acf":[],"_links":{"self":[{"href":"https:\/\/megapelican.com\/si\/wp-json\/wp\/v2\/product\/84801"}],"collection":[{"href":"https:\/\/megapelican.com\/si\/wp-json\/wp\/v2\/product"}],"about":[{"href":"https:\/\/megapelican.com\/si\/wp-json\/wp\/v2\/types\/product"}],"wp:featuredmedia":[{"embeddable":true,"href":"https:\/\/megapelican.com\/si\/wp-json\/wp\/v2\/media\/84800"}],"wp:attachment":[{"href":"https:\/\/megapelican.com\/si\/wp-json\/wp\/v2\/media?parent=84801"}],"wp:term":[{"taxonomy":"product_cat","embeddable":true,"href":"https:\/\/megapelican.com\/si\/wp-json\/wp\/v2\/product_cat?post=84801"},{"taxonomy":"product_tag","embeddable":true,"href":"https:\/\/megapelican.com\/si\/wp-json\/wp\/v2\/product_tag?post=84801"}],"curies":[{"name":"wp","href":"https:\/\/api.w.org\/{rel}","templated":true}]}}