{"id":84783,"date":"2026-02-27T09:53:31","date_gmt":"2026-02-27T08:53:31","guid":{"rendered":"https:\/\/megapelican.com\/si\/izdelek\/fluffybox-plisasta-macja-postelja-v-obliki-skatle\/"},"modified":"2026-02-27T09:53:45","modified_gmt":"2026-02-27T08:53:45","slug":"fluffybox-plisasta-macja-postelja-v-obliki-skatle","status":"publish","type":"product","link":"https:\/\/megapelican.com\/si\/izdelek\/fluffybox-plisasta-macja-postelja-v-obliki-skatle\/","title":{"rendered":"FluffyBox\u2122 pli\u0161asta ma\u010dja postelja v obliki \u0161katle"},"content":{"rendered":"<div class=\"smania_landing_description_title\">NOVO: Ve\u010d hitrosti za vznemirjenje in maksimalno mo\u010d<\/div>\n<div class=\"smania_landing_description_txt\">NAJBOLJ UDOBNA \u00bbSNACK-BOX\u00ab POSTELJA, V KATERO BO VA\u0160A MA\u010cKA Z VESELJEM SKO\u010cILA!<\/div>\n<div class=\"smania_landing_description_subtitle\">Ovijte svojo ma\u010dko v toplino in udobje s FluffyBox\u2122, pli\u0161asto posteljo v obliki \u0161katle, navdihnjeno z zabavnimi snack-box dizajni. Mehka, zaprta in pomirjujo\u010da zasnova ustvarja zaseben koti\u010dek, kjer se ljubljen\u010dek po\u010duti varno, spro\u0161\u010deno in prijetno skozi vse leto.<\/div>\n<div class=\"smania_landing_description_list\">\n<ul>\n<li>Topel in pomirjujo\u010d koti\u010dek \u2013 Mehke pli\u0161aste stene in udobno polnilo ustvarijo spro\u0161\u010dujo\u010d prostor, kjer se ma\u010dke po\u010dutijo varno in mirno<\/li>\n<li>Prikupen dizajn v obliki \u0161katle \u2013 Zabaven \u00bbsnack-box\u00ab videz, ki je hkrati igriv in dekorativen dodatek vsakemu prostoru<\/li>\n<li>Udobje v vseh letnih \u010dasih \u2013 Posebno polnilo ohranja toploto pozimi in prijetno zra\u010dnost poleti<\/li>\n<li>Ne\u017een do ko\u017ee in trpe\u017een \u2013 Izdelan iz mehkega, zra\u010dnega pli\u0161a, ki je prijazen do ta\u010dk in odporen na obrabo<\/li>\n<li>Snemljiv in enostaven za \u010di\u0161\u010denje \u2013 Lahka zasnova z odstranljivimi deli omogo\u010da preprosto \u010di\u0161\u010denje in shranjevanje<\/li>\n<\/ul><\/div>\n","protected":false},"excerpt":{"rendered":"<p>Topla, pomirjujo\u010da pli\u0161asta notranjost|Prikupen videz v slogu \u00bbsnack-box\u00ab|Mehko in prijazno do ljubljen\u010dkov|Enostavno za \u010di\u0161\u010denje|Variacije: Modra \/ Rde\u010da |Velikost: L \u2013 55 \u00d7 45 \u00d7 20 cm |Material: Mehka pli\u0161asta tkanina + podporno polnilo|Zasnova: \u0160katlasta oblika, zaprta konstrukcija, snemljivi deli<\/p>\n","protected":false},"featured_media":84782,"template":"","meta":{"_acf_changed":false},"product_cat":[20],"product_tag":[],"acf":[],"_links":{"self":[{"href":"https:\/\/megapelican.com\/si\/wp-json\/wp\/v2\/product\/84783"}],"collection":[{"href":"https:\/\/megapelican.com\/si\/wp-json\/wp\/v2\/product"}],"about":[{"href":"https:\/\/megapelican.com\/si\/wp-json\/wp\/v2\/types\/product"}],"wp:featuredmedia":[{"embeddable":true,"href":"https:\/\/megapelican.com\/si\/wp-json\/wp\/v2\/media\/84782"}],"wp:attachment":[{"href":"https:\/\/megapelican.com\/si\/wp-json\/wp\/v2\/media?parent=84783"}],"wp:term":[{"taxonomy":"product_cat","embeddable":true,"href":"https:\/\/megapelican.com\/si\/wp-json\/wp\/v2\/product_cat?post=84783"},{"taxonomy":"product_tag","embeddable":true,"href":"https:\/\/megapelican.com\/si\/wp-json\/wp\/v2\/product_tag?post=84783"}],"curies":[{"name":"wp","href":"https:\/\/api.w.org\/{rel}","templated":true}]}}