{"id":84758,"date":"2025-12-02T05:25:27","date_gmt":"2025-12-02T04:25:27","guid":{"rendered":"https:\/\/megapelican.com\/si\/izdelek\/inductopro-indukcijski-pretvornik\/"},"modified":"2025-12-02T05:25:32","modified_gmt":"2025-12-02T04:25:32","slug":"inductopro-indukcijski-pretvornik","status":"publish","type":"product","link":"https:\/\/megapelican.com\/si\/izdelek\/inductopro-indukcijski-pretvornik\/","title":{"rendered":"InductoPro\u2122 indukcijski pretvornik"},"content":{"rendered":"<div class=\"smania_landing_description_title\">NOVO: Preoblikovanje u\u010dinkovitosti kuhanja<\/div>\n<div class=\"smania_landing_description_txt\">Vsako ponev ali lonec naredite zdru\u017eljivega z indukcijo!<\/div>\n<div class=\"smania_landing_description_subtitle\">Poslovite se od te\u017eav z zdru\u017eljivostjo \u0161tedilnikov z indukcijskim pretvornim diskom InductoPro\u2122. S tem vsestranskim diskom lahko vzamete vsak lonec ali ponev, od nerjave\u010dega jekla do litega \u017eeleza, in poskrbite, da bo na va\u0161i indukcijski kuhalni plo\u0161\u010di deloval kot v sanjah. Nujna inovacija za vsako sodobno kuhinjo!<\/div>\n<div class=\"smania_landing_description_list\">\n<ul>\n<li>Zdru\u017eljiv z vsemi vrstami loncev<\/li>\n<li>Odli\u010dno prena\u0161anje toplote<\/li>\n<li>Vklju\u010den varen snemljiv ro\u010daj<\/li>\n<li>Idealno za lonce manj\u0161ih dimenzij<\/li>\n<li>Enakomerna razpr\u0161itev toplote za kakovostne rezultate<\/li>\n<li>Prepre\u010duje opekline in neenakomerno kuhanje<\/li>\n<\/ul><\/div>\n","protected":false},"excerpt":{"rendered":"<p>Nadgradnja brez nove posode|Odli\u010dno za indukcijske kuhalne plo\u0161\u010de|Vklju\u010den priro\u010dnik za uporabo, ki mu je enostavno slediti|Material: Iz nerjave\u010dega jekla|Dimenzije diska: Velikost: \u03a620cm|Dol\u017eina ro\u010daja: 17 cm<\/p>\n","protected":false},"featured_media":84757,"template":"","meta":{"_acf_changed":false},"product_cat":[223],"product_tag":[],"acf":[],"_links":{"self":[{"href":"https:\/\/megapelican.com\/si\/wp-json\/wp\/v2\/product\/84758"}],"collection":[{"href":"https:\/\/megapelican.com\/si\/wp-json\/wp\/v2\/product"}],"about":[{"href":"https:\/\/megapelican.com\/si\/wp-json\/wp\/v2\/types\/product"}],"wp:featuredmedia":[{"embeddable":true,"href":"https:\/\/megapelican.com\/si\/wp-json\/wp\/v2\/media\/84757"}],"wp:attachment":[{"href":"https:\/\/megapelican.com\/si\/wp-json\/wp\/v2\/media?parent=84758"}],"wp:term":[{"taxonomy":"product_cat","embeddable":true,"href":"https:\/\/megapelican.com\/si\/wp-json\/wp\/v2\/product_cat?post=84758"},{"taxonomy":"product_tag","embeddable":true,"href":"https:\/\/megapelican.com\/si\/wp-json\/wp\/v2\/product_tag?post=84758"}],"curies":[{"name":"wp","href":"https:\/\/api.w.org\/{rel}","templated":true}]}}