{"id":84743,"date":"2025-10-28T12:15:12","date_gmt":"2025-10-28T11:15:12","guid":{"rendered":"https:\/\/megapelican.com\/si\/izdelek\/dreammill-namizna-led-fontana-z-mlinskim-kolesom\/"},"modified":"2025-10-28T12:15:28","modified_gmt":"2025-10-28T11:15:28","slug":"dreammill-namizna-led-fontana-z-mlinskim-kolesom","status":"publish","type":"product","link":"https:\/\/megapelican.com\/si\/izdelek\/dreammill-namizna-led-fontana-z-mlinskim-kolesom\/","title":{"rendered":"DreamMill\u2122 namizna LED fontana z mlinskim kolesom"},"content":{"rendered":"<div class=\"smania_landing_description_title\">NOVO: Narava v va\u0161em prostoru<\/div>\n<div class=\"smania_landing_description_txt\">PREOBLIKUJTE SVOJ PROSTOR V OAZO MIRU<\/div>\n<div class=\"smania_landing_description_subtitle\"> Popestrite svoj dom ali pisarno z ne\u017enim \u0161umenjem vode in prijetno svetlobo, ki pomirja um in odpravlja stres. Elegantna, kompaktna zasnova poskrbi, da je ob\u010dutek miru vedno na dosegu roke \u2013 kjerkoli ste. <\/div>\n<div class=\"smania_landing_description_list\">\n<ul>\n<li>Naravna sprostitev kar doma<\/li>\n<li>Sprostitev stresa z ne\u017enimi tokovi<\/li>\n<li>Elegantno popestri dekor<\/li>\n<li>Odpravlja vsakodnevne napetosti<\/li>\n<li>Ustvari pomirjujo\u010de vzdu\u0161je brez stresa<\/li>\n<li>Idealno darilo za ljubljene osebe<\/li>\n<\/ul><\/div>\n","protected":false},"excerpt":{"rendered":"<p>Izdelano iz visokokakovostne in trpe\u017ene smole|Kompaktna velikost je primerna za vsako pisarno|Mehka osvetlitev za pomirjujo\u010d ambient|Dimenzije: 28 x 26 x 19 cm|Te\u017ea: 1,30 kg|Material: Visokokakovostna, trpe\u017ena smola<\/p>\n","protected":false},"featured_media":84742,"template":"","meta":{"_acf_changed":false},"product_cat":[1395,1396],"product_tag":[255],"acf":[],"_links":{"self":[{"href":"https:\/\/megapelican.com\/si\/wp-json\/wp\/v2\/product\/84743"}],"collection":[{"href":"https:\/\/megapelican.com\/si\/wp-json\/wp\/v2\/product"}],"about":[{"href":"https:\/\/megapelican.com\/si\/wp-json\/wp\/v2\/types\/product"}],"wp:featuredmedia":[{"embeddable":true,"href":"https:\/\/megapelican.com\/si\/wp-json\/wp\/v2\/media\/84742"}],"wp:attachment":[{"href":"https:\/\/megapelican.com\/si\/wp-json\/wp\/v2\/media?parent=84743"}],"wp:term":[{"taxonomy":"product_cat","embeddable":true,"href":"https:\/\/megapelican.com\/si\/wp-json\/wp\/v2\/product_cat?post=84743"},{"taxonomy":"product_tag","embeddable":true,"href":"https:\/\/megapelican.com\/si\/wp-json\/wp\/v2\/product_tag?post=84743"}],"curies":[{"name":"wp","href":"https:\/\/api.w.org\/{rel}","templated":true}]}}