{"id":84707,"date":"2025-10-28T12:05:53","date_gmt":"2025-10-28T11:05:53","guid":{"rendered":"https:\/\/megapelican.com\/si\/izdelek\/foldtub-zlozljiva-prenosna-izolirana-kad\/"},"modified":"2025-10-28T12:06:04","modified_gmt":"2025-10-28T11:06:04","slug":"foldtub-zlozljiva-prenosna-izolirana-kad","status":"publish","type":"product","link":"https:\/\/megapelican.com\/si\/izdelek\/foldtub-zlozljiva-prenosna-izolirana-kad\/","title":{"rendered":"FoldTub\u2122 zlo\u017eljiva prenosna izolirana kad"},"content":{"rendered":"<div class=\"smania_landing_description_title\">NOVO: Preoblikovanje \u010dasa za kopanje brez te\u017eav<\/div>\n<div class=\"smania_landing_description_txt\">Izbolj\u0161ajte svoje kopalne izku\u0161nje v nekaj sekundah!<\/div>\n<div class=\"smania_landing_description_subtitle\">Nadgradite svoje spro\u0161\u010danje s FoldTub\u2122! Brez sestavljanja, brez zapletenih navodilih &#8211; zlo\u017eite jo v nekaj sekundah in se potopite v svet udobja.<\/div>\n<div class=\"smania_landing_description_list\">\n<ul>\n<li>Namestitev brez te\u017eav v manj kot 5 sekundah<\/li>\n<li>Prostorsko var\u010dna zlo\u017eljiva zasnova<\/li>\n<li>Ohranja temperaturo do 2 uri<\/li>\n<li>Vrhunski materiali zagotavljajo dolgotrajno vzdr\u017eljivost<\/li>\n<li>Okolju prijazen biserni bomba\u017e, ki ohranja toploto<\/li>\n<li>Vsestranskost: namakanje, ledena kopel, otro\u0161ki bazen<\/li>\n<\/ul><\/div>\n","protected":false},"excerpt":{"rendered":"<p>Hitra in preprosta namestietv|U\u010dinkovit dvojni drena\u017eni sistem|Ohranja temperaturo do 2 uri|Idealno za sprostitev in hladno terapijo|Odli\u010dno za notranjo in zunanjo uporabo|Barva: Zvezdnato modra|Material: Biserni bomba\u017e + PVC|Dimenzije: 70 x 65 cm|Te\u017ea: 3,1 kg|Na\u010din namestitve: prostostoje\u010da<\/p>\n","protected":false},"featured_media":84706,"template":"","meta":{"_acf_changed":false},"product_cat":[1395,21,1396],"product_tag":[306,305],"acf":[],"_links":{"self":[{"href":"https:\/\/megapelican.com\/si\/wp-json\/wp\/v2\/product\/84707"}],"collection":[{"href":"https:\/\/megapelican.com\/si\/wp-json\/wp\/v2\/product"}],"about":[{"href":"https:\/\/megapelican.com\/si\/wp-json\/wp\/v2\/types\/product"}],"wp:featuredmedia":[{"embeddable":true,"href":"https:\/\/megapelican.com\/si\/wp-json\/wp\/v2\/media\/84706"}],"wp:attachment":[{"href":"https:\/\/megapelican.com\/si\/wp-json\/wp\/v2\/media?parent=84707"}],"wp:term":[{"taxonomy":"product_cat","embeddable":true,"href":"https:\/\/megapelican.com\/si\/wp-json\/wp\/v2\/product_cat?post=84707"},{"taxonomy":"product_tag","embeddable":true,"href":"https:\/\/megapelican.com\/si\/wp-json\/wp\/v2\/product_tag?post=84707"}],"curies":[{"name":"wp","href":"https:\/\/api.w.org\/{rel}","templated":true}]}}