{"id":84697,"date":"2025-10-28T12:05:32","date_gmt":"2025-10-28T11:05:32","guid":{"rendered":"https:\/\/megapelican.com\/si\/izdelek\/pawfort-vecnamenski-zaboj-za-pse\/"},"modified":"2025-10-28T12:05:37","modified_gmt":"2025-10-28T11:05:37","slug":"pawfort-vecnamenski-zaboj-za-pse","status":"publish","type":"product","link":"https:\/\/megapelican.com\/si\/izdelek\/pawfort-vecnamenski-zaboj-za-pse\/","title":{"rendered":"PawFort\u2122 ve\u010dnamenski zaboj za pse"},"content":{"rendered":"<div class=\"smania_landing_description_title\">NOVO: Varen prostor za va\u0161ega hi\u0161nega ljubljen\u010dka<\/div>\n<div class=\"smania_landing_description_txt\">Ni le zaboj &#8211; je njihov varen kraj<\/div>\n<div class=\"smania_landing_description_subtitle\">Zasnovan za udobje, izdelan za prilagodljivost &#8211; PawFort\u2122 deluje kot zaboj, igralno ali varno zato\u010di\u0161\u010de doma in na poti. Ne glede na to, ali gre za dreme\u017e, potovanje ali miren \u010das, se prilagodi \u017eivljenju va\u0161ega psa in ne obratno.<\/div>\n<div class=\"smania_landing_description_list\">\n<ul>\n<li>Udoben in varen prostor za vse velikosti psov<\/li>\n<li>Uporaba 3 v 1: zaboj, igralni koti\u010dek ali odprt prostor<\/li>\n<li>Modularne plo\u0161\u010de omogo\u010dajo prilagajanje oblike in velikosti<\/li>\n<li>Nastavljiv polo\u017eaj vrat in odstranljiv zgornji pokrov<\/li>\n<li>Trpe\u017ena jeklena konstrukcija, ki jo je \u0161e vedno enostavno premikati<\/li>\n<li>Preprosta zasnova, ki se zlahka zlo\u017ei in shrani<\/li>\n<\/ul><\/div>\n","protected":false},"excerpt":{"rendered":"<p>Primerno za pse ali majhne hi\u0161ne ljubljen\u010dke|Zgornji pokrov je lahko odstranljiv|Polo\u017eaj vrat je nastavljiv med namestitvijo|Hitra monta\u017ea z enostavnim orodjem|Barva: \u010drna|Velikost: 140 \u00d7 70 \u00d7 80 cm|Material: pra\u0161no lakirano jeklo|Lahek in enostaven za premikanje<\/p>\n","protected":false},"featured_media":84696,"template":"","meta":{"_acf_changed":false},"product_cat":[1395,20],"product_tag":[],"acf":[],"_links":{"self":[{"href":"https:\/\/megapelican.com\/si\/wp-json\/wp\/v2\/product\/84697"}],"collection":[{"href":"https:\/\/megapelican.com\/si\/wp-json\/wp\/v2\/product"}],"about":[{"href":"https:\/\/megapelican.com\/si\/wp-json\/wp\/v2\/types\/product"}],"wp:featuredmedia":[{"embeddable":true,"href":"https:\/\/megapelican.com\/si\/wp-json\/wp\/v2\/media\/84696"}],"wp:attachment":[{"href":"https:\/\/megapelican.com\/si\/wp-json\/wp\/v2\/media?parent=84697"}],"wp:term":[{"taxonomy":"product_cat","embeddable":true,"href":"https:\/\/megapelican.com\/si\/wp-json\/wp\/v2\/product_cat?post=84697"},{"taxonomy":"product_tag","embeddable":true,"href":"https:\/\/megapelican.com\/si\/wp-json\/wp\/v2\/product_tag?post=84697"}],"curies":[{"name":"wp","href":"https:\/\/api.w.org\/{rel}","templated":true}]}}