{"id":84632,"date":"2025-10-28T06:06:08","date_gmt":"2025-10-28T05:06:08","guid":{"rendered":"https:\/\/megapelican.com\/si\/izdelek\/tabura-set-shranjevalnih-taburejev-z-obrnljivim-pokrovom\/"},"modified":"2025-10-28T06:06:13","modified_gmt":"2025-10-28T05:06:13","slug":"tabura-set-shranjevalnih-taburejev-z-obrnljivim-pokrovom","status":"publish","type":"product","link":"https:\/\/megapelican.com\/si\/izdelek\/tabura-set-shranjevalnih-taburejev-z-obrnljivim-pokrovom\/","title":{"rendered":"Tabura\u2122 Set shranjevalnih taburejev z obrnljivim pokrovom"},"content":{"rendered":"<div class=\"smania_landing_description_title\">NOVO: Elegantno shranjevanje in sedenje<\/div>\n<div class=\"smania_landing_description_txt\">Elegantno shranjevanje in sedenje v enem!<\/div>\n<div class=\"smania_landing_description_subtitle\"> Predstavljamo Taburo\u2122, vrhunsko kombinacijo elegance in prakti\u010dnosti! Ta osupljiv komplet je zasnovan tako, da s svojim razko\u0161nim videzom in ve\u010dnamenskimi funkcijami v trenutku izbolj\u0161a vsak prostor. Kot nala\u0161\u010d za tiste, ki hrepenijo po lepoti in funkcionalnosti! <\/div>\n<div class=\"smania_landing_description_list\">\n<ul>\n<li>Preoblikuje se v mizo s pladenjem<\/li>\n<li>Veliko &#8220;skritega&#8221; prostora za shranjevanje<\/li>\n<li>Vsestranska zasnova za vse potrebe<\/li>\n<li>Razko\u0161na \u017eametna obloga, prijazna do ko\u017ee<\/li>\n<li>Varno prenese do 120 kg<\/li>\n<\/ul><\/div>\n","protected":false},"excerpt":{"rendered":"<p>Prostorsko var\u010dno oblikovanje gnezdenja|Preobrnite pokrov v mizico za kavo|Organizirajte igra\u010de, obla\u010dila in drugo|Strokovno ro\u010dno izdelani detajli|Brez monta\u017ee in pripravljen za uporabo|Barva: Bela|Vrsta tkanine: \u017damet|Najve\u010dja zmogljivost: 120 kg|Dimenzije (ve\u010dji): 44 x 37,5 cm|Dimenzije (manj\u0161i): 36 x 32 cm<\/p>\n","protected":false},"featured_media":84631,"template":"","meta":{"_acf_changed":false},"product_cat":[1395],"product_tag":[255,1399],"acf":[],"_links":{"self":[{"href":"https:\/\/megapelican.com\/si\/wp-json\/wp\/v2\/product\/84632"}],"collection":[{"href":"https:\/\/megapelican.com\/si\/wp-json\/wp\/v2\/product"}],"about":[{"href":"https:\/\/megapelican.com\/si\/wp-json\/wp\/v2\/types\/product"}],"wp:featuredmedia":[{"embeddable":true,"href":"https:\/\/megapelican.com\/si\/wp-json\/wp\/v2\/media\/84631"}],"wp:attachment":[{"href":"https:\/\/megapelican.com\/si\/wp-json\/wp\/v2\/media?parent=84632"}],"wp:term":[{"taxonomy":"product_cat","embeddable":true,"href":"https:\/\/megapelican.com\/si\/wp-json\/wp\/v2\/product_cat?post=84632"},{"taxonomy":"product_tag","embeddable":true,"href":"https:\/\/megapelican.com\/si\/wp-json\/wp\/v2\/product_tag?post=84632"}],"curies":[{"name":"wp","href":"https:\/\/api.w.org\/{rel}","templated":true}]}}