{"id":84620,"date":"2025-10-28T06:04:27","date_gmt":"2025-10-28T05:04:27","guid":{"rendered":"https:\/\/megapelican.com\/si\/izdelek\/bloomnest-4-nadstropno-premicno-stojalo-za-rastline\/"},"modified":"2025-10-28T06:04:37","modified_gmt":"2025-10-28T05:04:37","slug":"bloomnest-4-nadstropno-premicno-stojalo-za-rastline","status":"publish","type":"product","link":"https:\/\/megapelican.com\/si\/izdelek\/bloomnest-4-nadstropno-premicno-stojalo-za-rastline\/","title":{"rendered":"BloomNest\u2122 4-nadstropno premi\u010dno stojalo za rastline"},"content":{"rendered":"<div class=\"smania_landing_description_title\">NOVO: Popolna doma\u010da atmosfera<\/div>\n<div class=\"smania_landing_description_txt\">Korenine v slogu. Ustvarjeno za premikanje.<\/div>\n<div class=\"smania_landing_description_subtitle\">S tem sodobnim 4-nadstropnim kovinskim stojalom za rastline dajte svojim rastlinam prostor, ki si ga zaslu\u017eijo. Zasnovano je za notranjo in zunanjo uporabo, ima oja\u010dane podporne stebre, kolesa z gladkim tekom in lesene police za pridih naravne elegance. Var\u010duje s prostorom in je stilsko dovr\u0161en, zato vsak koti\u010dek brez te\u017eav spremeni v zeleno oazo.<\/div>\n<div class=\"smania_landing_description_list\">\n<ul>\n<li>Prostorsko var\u010dna zasnova &#8211; Kompaktna zasnova s 4 navpi\u010dnimi nivoji za maksimalen prikaz rastlin<\/li>\n<li>Trajna izdelava &#8211; Oja\u010dan kovinski okvir in lesene plo\u0161\u010de zagotavljajo dolgotrajno stabilnost<\/li>\n<li>Enostavna mobilnost &#8211; Vgrajena kolesa omogo\u010dajo enostavno premikanje med prostori ali zunanjimi povr\u0161inami<\/li>\n<li>Uporaba v zaprtih prostorih in na prostem &#8211; Premaz, odporen na vremenske vplive, za vsestransko uporabo kjer koli<\/li>\n<li>Eleganten dekor doma &#8211; Sodobna estetika, ki dopolnjuje vsako sobo ali balkon<\/li>\n<\/ul><\/div>\n","protected":false},"excerpt":{"rendered":"<p>Kompaktno in var\u010dno s prostorom|Robustna kovinska in lesena konstrukcija|Z lahkoto se premika s pomo\u010djo koles|Odli\u010dno za notranjo in zunanjo uporabo|Barva: Bele police z mat \u010drnim kovinskim okvirjem|Material: Jeklo s pra\u0161nim premazom in umetni les|Dimenzije: 86 \u00d7 33 \u00d7 22 cm|Mobilnost: 4 vrtljiva kolesa (2 z blokado) za la\u017eje premikanje<\/p>\n","protected":false},"featured_media":84619,"template":"","meta":{"_acf_changed":false},"product_cat":[1395,1396],"product_tag":[1428,255,1399],"acf":[],"_links":{"self":[{"href":"https:\/\/megapelican.com\/si\/wp-json\/wp\/v2\/product\/84620"}],"collection":[{"href":"https:\/\/megapelican.com\/si\/wp-json\/wp\/v2\/product"}],"about":[{"href":"https:\/\/megapelican.com\/si\/wp-json\/wp\/v2\/types\/product"}],"wp:featuredmedia":[{"embeddable":true,"href":"https:\/\/megapelican.com\/si\/wp-json\/wp\/v2\/media\/84619"}],"wp:attachment":[{"href":"https:\/\/megapelican.com\/si\/wp-json\/wp\/v2\/media?parent=84620"}],"wp:term":[{"taxonomy":"product_cat","embeddable":true,"href":"https:\/\/megapelican.com\/si\/wp-json\/wp\/v2\/product_cat?post=84620"},{"taxonomy":"product_tag","embeddable":true,"href":"https:\/\/megapelican.com\/si\/wp-json\/wp\/v2\/product_tag?post=84620"}],"curies":[{"name":"wp","href":"https:\/\/api.w.org\/{rel}","templated":true}]}}