{"id":84607,"date":"2025-10-27T14:07:37","date_gmt":"2025-10-27T13:07:37","guid":{"rendered":"https:\/\/megapelican.com\/si\/izdelek\/nutcracker-2-v-1-odpirac-za-kostanj-in-orehe\/"},"modified":"2025-10-27T14:07:41","modified_gmt":"2025-10-27T13:07:41","slug":"nutcracker-2-v-1-odpirac-za-kostanj-in-orehe","status":"publish","type":"product","link":"https:\/\/megapelican.com\/si\/izdelek\/nutcracker-2-v-1-odpirac-za-kostanj-in-orehe\/","title":{"rendered":"NutCracker\u2122 2 v 1 odpira\u010d za kostanj in orehe"},"content":{"rendered":"<div class=\"smania_landing_description_title\">NOVO: Orodje za lomljenje orehov brez te\u017eav<\/div>\n<div class=\"smania_landing_description_txt\">Konec mu\u010denja z lupinami \u2013 hitro, enostavno!<\/div>\n<div class=\"smania_landing_description_subtitle\">Predstavljamo ti NutCracker\u2122 \u2013 ultimativni odpira\u010d za orehe, na katerega si \u010dakal! Pozabi na trde lupine in u\u017eivaj v okusnih ore\u0161\u010dkih v nekaj sekundah.<\/div>\n<div class=\"smania_landing_description_list\">\n<ul>\n<li>Sto\u017e\u010dasta oblika ustreza vsem ore\u0161\u010dkom z lupino<\/li>\n<li>Visokokakovostna konstrukcija iz nerjave\u010dega jekla<\/li>\n<li>Ergonomska oblika z vzmetjo<\/li>\n<li>Nedrse\u010d ro\u010daj za varen oprijem<\/li>\n<li>Zasnova vzvoda prihrani napor<\/li>\n<\/ul><\/div>\n","protected":false},"excerpt":{"rendered":"<p>Iz enega kosa|Odpornost na rjo in korozijo|Odli\u010dno za vse ore\u0161\u010dke|Hitro in enostavno lomljenje|Barva: srebrna|Te\u017ea: 200 g|Dol\u017eina: 21 cm|Material: nerjave\u010de jeklo<\/p>\n","protected":false},"featured_media":84606,"template":"","meta":{"_acf_changed":false},"product_cat":[223,21],"product_tag":[254],"acf":[],"_links":{"self":[{"href":"https:\/\/megapelican.com\/si\/wp-json\/wp\/v2\/product\/84607"}],"collection":[{"href":"https:\/\/megapelican.com\/si\/wp-json\/wp\/v2\/product"}],"about":[{"href":"https:\/\/megapelican.com\/si\/wp-json\/wp\/v2\/types\/product"}],"wp:featuredmedia":[{"embeddable":true,"href":"https:\/\/megapelican.com\/si\/wp-json\/wp\/v2\/media\/84606"}],"wp:attachment":[{"href":"https:\/\/megapelican.com\/si\/wp-json\/wp\/v2\/media?parent=84607"}],"wp:term":[{"taxonomy":"product_cat","embeddable":true,"href":"https:\/\/megapelican.com\/si\/wp-json\/wp\/v2\/product_cat?post=84607"},{"taxonomy":"product_tag","embeddable":true,"href":"https:\/\/megapelican.com\/si\/wp-json\/wp\/v2\/product_tag?post=84607"}],"curies":[{"name":"wp","href":"https:\/\/api.w.org\/{rel}","templated":true}]}}