{"id":84595,"date":"2025-10-27T13:40:12","date_gmt":"2025-10-27T12:40:12","guid":{"rendered":"https:\/\/megapelican.com\/si\/izdelek\/steplad-nastavljiva-stopnica-za-lestve\/"},"modified":"2025-10-27T13:40:20","modified_gmt":"2025-10-27T12:40:20","slug":"steplad-nastavljiva-stopnica-za-lestve","status":"publish","type":"product","link":"https:\/\/megapelican.com\/si\/izdelek\/steplad-nastavljiva-stopnica-za-lestve\/","title":{"rendered":"StepLad\u2122 Nastavljiva stopnica za lestve"},"content":{"rendered":"<div class=\"smania_landing_description_title\">NOVO, Pove\u010dajte svojo varnost<\/div>\n<div class=\"smania_landing_description_txt\">Varen in zanesljiv korak za vsako delo!<\/div>\n<div class=\"smania_landing_description_subtitle\">Spoznajte StepLad\u2122, va\u0161ega najbolj\u0161ega spremljevalca na lestvi, ki bo spremenil va\u0161e delovne izku\u0161nje. Ob\u010dutite varnost zaradi robustne nosilnosti 170 kg in prostorne povr\u0161ine. Varno stojite, vzdr\u017eujte ravnote\u017eje in premagujte svoje naloge hitreje in u\u010dinkoviteje kot kdaj koli prej!<\/div>\n<div class=\"smania_landing_description_list\">\n<ul>\n<li>Robustna stabilnost zdr\u017ei do 170 kg<\/li>\n<li>Enostaven dostop do orodij in materialov<\/li>\n<li>Prenosna in lahka zasnova<\/li>\n<li>Opravila opravite dvakrat hitreje<\/li>\n<li>Idealno za barvanje, vzdr\u017eevanje in drugo<\/li>\n<\/ul><\/div>\n","protected":false},"excerpt":{"rendered":"<p>Ve\u010dja varnost na vseh vi\u0161inah|Kot nala\u0161\u010d za navdu\u0161ence DIY projektov|Enostavno pritrjevanje in odstranjevanje|Primeren za vse lestve|Podpira te\u017eka opravila|Material: \u017delezo|Najve\u010dja zmogljivost: 170 kg|Te\u017ea predmeta: 2 kg|Dimenzije: 35 x 27 x 8 cm|Posebna zna\u010dilnost: Dodatna stopnica, zlo\u017eljiva<\/p>\n","protected":false},"featured_media":84594,"template":"","meta":{"_acf_changed":false},"product_cat":[1395,21],"product_tag":[1399],"acf":[],"_links":{"self":[{"href":"https:\/\/megapelican.com\/si\/wp-json\/wp\/v2\/product\/84595"}],"collection":[{"href":"https:\/\/megapelican.com\/si\/wp-json\/wp\/v2\/product"}],"about":[{"href":"https:\/\/megapelican.com\/si\/wp-json\/wp\/v2\/types\/product"}],"wp:featuredmedia":[{"embeddable":true,"href":"https:\/\/megapelican.com\/si\/wp-json\/wp\/v2\/media\/84594"}],"wp:attachment":[{"href":"https:\/\/megapelican.com\/si\/wp-json\/wp\/v2\/media?parent=84595"}],"wp:term":[{"taxonomy":"product_cat","embeddable":true,"href":"https:\/\/megapelican.com\/si\/wp-json\/wp\/v2\/product_cat?post=84595"},{"taxonomy":"product_tag","embeddable":true,"href":"https:\/\/megapelican.com\/si\/wp-json\/wp\/v2\/product_tag?post=84595"}],"curies":[{"name":"wp","href":"https:\/\/api.w.org\/{rel}","templated":true}]}}