{"id":84566,"date":"2025-10-27T11:46:29","date_gmt":"2025-10-27T10:46:29","guid":{"rendered":"https:\/\/megapelican.com\/si\/izdelek\/pattyslumber-pomirjujoca-plisasta-igraca-za-dojencke\/"},"modified":"2025-10-27T11:46:40","modified_gmt":"2025-10-27T10:46:40","slug":"pattyslumber-pomirjujoca-plisasta-igraca-za-dojencke","status":"publish","type":"product","link":"https:\/\/megapelican.com\/si\/izdelek\/pattyslumber-pomirjujoca-plisasta-igraca-za-dojencke\/","title":{"rendered":"PattySlumber\u2122 Pomirjujo\u010da pli\u0161asta igra\u010da za dojen\u010dke"},"content":{"rendered":"<div class=\"smania_landing_description_title\">NOVO: Miren spanec za va\u0161ega otroka<\/div>\n<div class=\"smania_landing_description_txt\">Blagodejni dotik, ki se nikoli ne naveli\u010da<\/div>\n<div class=\"smania_landing_description_subtitle\"> Z mehkim ritmi\u010dnim gibanjem ta pli\u0161asti medved tola\u017ei va\u0161ega mal\u010dka kot va\u0161a roka &#8211; tako da lahko oba mirno po\u010divata.<\/div>\n<div class=\"smania_landing_description_list\">\n<ul>\n<li>Posnema ne\u017een dotik star\u0161ev, ki pomirja in tola\u017ei<\/li>\n<li>Nastavljivo bo\u017eanje s tremi stopnjami pomirjujo\u010de hitrosti<\/li>\n<li>Daljinsko upravljanje za brezskrbno uporabo na daljavo<\/li>\n<li>Pomaga ubla\u017eiti tesnobo zaradi lo\u010ditve med po\u010ditkom ali spanjem<\/li>\n<li>Mehki, za dojen\u010dke varni materiali za brezskrbno objemanje<\/li>\n<\/ul><\/div>\n","protected":false},"excerpt":{"rendered":"<p>Ne\u017eno bo\u017eanje dojen\u010dka za spanje|Zmanj\u0161a vznemirjenost in no\u010dni jok|Nastavljivo bo\u017eanje s 3 stopnjami hitrosti|Nadome\u0161\u010da mamino prisotnost|Idealen za otro\u0161ko posteljico, posteljo ali vozi\u010dek|Prenosen za dru\u017einska potovanja|Paket vklju\u010duje: brez\u017ei\u010dni daljinski upravljalnik|Materiali: poliestrska vlakna in polnilo iz bisernega bomba\u017ea|Razli\u010dica: Be\u017e barva v \u010dudovitem dizajnu medveda|Dimenzije: 68 \u00d7 25 cm<\/p>\n","protected":false},"featured_media":84565,"template":"","meta":{"_acf_changed":false},"product_cat":[17],"product_tag":[473,257],"acf":[],"_links":{"self":[{"href":"https:\/\/megapelican.com\/si\/wp-json\/wp\/v2\/product\/84566"}],"collection":[{"href":"https:\/\/megapelican.com\/si\/wp-json\/wp\/v2\/product"}],"about":[{"href":"https:\/\/megapelican.com\/si\/wp-json\/wp\/v2\/types\/product"}],"wp:featuredmedia":[{"embeddable":true,"href":"https:\/\/megapelican.com\/si\/wp-json\/wp\/v2\/media\/84565"}],"wp:attachment":[{"href":"https:\/\/megapelican.com\/si\/wp-json\/wp\/v2\/media?parent=84566"}],"wp:term":[{"taxonomy":"product_cat","embeddable":true,"href":"https:\/\/megapelican.com\/si\/wp-json\/wp\/v2\/product_cat?post=84566"},{"taxonomy":"product_tag","embeddable":true,"href":"https:\/\/megapelican.com\/si\/wp-json\/wp\/v2\/product_tag?post=84566"}],"curies":[{"name":"wp","href":"https:\/\/api.w.org\/{rel}","templated":true}]}}