{"id":83748,"date":"2025-10-23T13:18:18","date_gmt":"2025-10-23T11:18:18","guid":{"rendered":"https:\/\/megapelican.com\/si\/izdelek\/sprej-za-odstranjevanje-rje-rust-cleaner\/"},"modified":"2025-10-23T21:51:56","modified_gmt":"2025-10-23T19:51:56","slug":"sprej-za-odstranjevanje-rje-rust-cleaner","status":"publish","type":"product","link":"https:\/\/megapelican.com\/si\/izdelek\/sprej-za-odstranjevanje-rje-rust-cleaner\/","title":{"rendered":"Sprej za odstranjevanje rje Rust Cleaner"},"content":{"rendered":"<div class=\"smania_landing_description_title\">Popolnoma nova raven odstranjevanja rje!<\/div>\n<div class=\"smania_landing_description_txt\">V nekaj minutah odstrani trdovratno rjo!<\/div>\n<div class=\"smania_landing_description_subtitle\">Razpr\u0161ite, zdrgnite in kon\u010dano! Rust Cleaner je popoln za obnovo zarjavelih povr\u0161in. Hitro raztopi trdovratno rjo, obnovi \u010disto in gladko povr\u0161ino, med odstranjevanjem rjastih made\u017eev tvori za\u0161\u010ditni film in prepre\u010duje ponovno rjavenje kovine, kar zagotavlja dalj\u0161o \u017eivljenjsko dobo va\u0161ih predmetov.<\/div>\n<div class=\"smania_landing_description_list\">\n<ul>\n<li>5 x mo\u010d odstranjevanja rje: ta te\u017eka teko\u010da formula se oprime in popolnoma raztopi made\u017ee rje brez drgnjenja<\/li>\n<li>Takoj raztopi trdno rjo: na vseh kovinskih in kromiranih povr\u0161inah v 3 minutah zlahka odstrani mo\u010dno rjo!<\/li>\n<li>Dolgotrajna 3-letna za\u0161\u010dita: odpravi rjo in pripravi kovino za prepre\u010devanje rje za 3 leta<\/li>\n<li>Enostavno pr\u0161enje, brez izpiranja: preprosto razpr\u0161ite in nanesite na rjasto povr\u0161ino, brez dotikanja ali za\u0161\u010ditne opreme!<\/li>\n<li>Ve\u010dnamenski: odli\u010den za kopalnice, strani\u0161\u010da, kuhinjske pripomo\u010dke in kovinske povr\u0161ine v avtomobilih<\/li>\n<\/ul><\/div>\n","protected":false},"excerpt":{"rendered":"<p>Enostavno in takoj odstrani rjo ter povrne sijaj|Za\u0161\u010diti povr\u0161ino pred oksidacijo za dolgotrajen u\u010dinek|Varen za uporabo na skoraj vseh povr\u0161inah|Volumen: 400 ml|Rok uporabnosti: 3 leta|Shranjevanje: hranite v hladnem, sen\u010dnem prostoru<\/p>\n","protected":false},"featured_media":84480,"template":"","meta":{"_acf_changed":false},"product_cat":[18,1397,1395],"product_tag":[1407,679,741],"acf":[],"_links":{"self":[{"href":"https:\/\/megapelican.com\/si\/wp-json\/wp\/v2\/product\/83748"}],"collection":[{"href":"https:\/\/megapelican.com\/si\/wp-json\/wp\/v2\/product"}],"about":[{"href":"https:\/\/megapelican.com\/si\/wp-json\/wp\/v2\/types\/product"}],"wp:featuredmedia":[{"embeddable":true,"href":"https:\/\/megapelican.com\/si\/wp-json\/wp\/v2\/media\/84480"}],"wp:attachment":[{"href":"https:\/\/megapelican.com\/si\/wp-json\/wp\/v2\/media?parent=83748"}],"wp:term":[{"taxonomy":"product_cat","embeddable":true,"href":"https:\/\/megapelican.com\/si\/wp-json\/wp\/v2\/product_cat?post=83748"},{"taxonomy":"product_tag","embeddable":true,"href":"https:\/\/megapelican.com\/si\/wp-json\/wp\/v2\/product_tag?post=83748"}],"curies":[{"name":"wp","href":"https:\/\/api.w.org\/{rel}","templated":true}]}}