{"id":83691,"date":"2025-10-23T13:16:29","date_gmt":"2025-10-23T11:16:29","guid":{"rendered":"https:\/\/megapelican.com\/si\/izdelek\/sredstvo-za-obnovo-asfalta-drivewaypro-1-l-4-6-m%c2%b2\/"},"modified":"2025-10-23T13:16:53","modified_gmt":"2025-10-23T11:16:53","slug":"sredstvo-za-obnovo-asfalta-drivewaypro-1-l-4-6-m%c2%b2","status":"publish","type":"product","link":"https:\/\/megapelican.com\/si\/izdelek\/sredstvo-za-obnovo-asfalta-drivewaypro-1-l-4-6-m%c2%b2\/","title":{"rendered":"Sredstvo za obnovo asfalta DrivewayPRO\u2122 &#8211; 1 L \/ 4-6 m\u00b2"},"content":{"rendered":"<div class=\"smania_landing_description_title\">NOVO: Obnovitelj asfalta DrivewayPRO\u2122<\/div>\n<div class=\"smania_landing_description_txt\">Obnovite svojo dovozno pot v trenutku<\/div>\n<div class=\"smania_landing_description_subtitle\">Ali je va\u0161a dovozna pot videti obrabljena? DrivewayPRO\u2122 je najbolj\u0161a re\u0161itev za obnovo in za\u0161\u010dito asfaltnih in betonskih povr\u0161in. S svojo odpornostjo na slabe vremenske razmere, temperaturne spremembe, razpoke in po\u0161kodbe zaradi UV-\u017earkov DrivewayPRO\u2122 ne izbolj\u0161a le videza va\u0161e dovozne poti, temve\u010d zagotavlja tudi dolgotrajno hidroizolacijo in za\u0161\u010dito.<\/div>\n<div class=\"smania_landing_description_list\">\n<ul>\n<li>Zatesni in utrdi povr\u0161ino<\/li>\n<li>Odpornost na de\u017e, vro\u010dino in zmrzal<\/li>\n<li>Obnovi dovozne poti &#8211; prvotni videz asfalta in betona<\/li>\n<li>UV-za\u0161\u010dita &#8211; prepre\u010duje bledenje in po\u0161kodbe<\/li>\n<li>Vodoodbojnost &#8211; prepre\u010duje prodiranje vlage<\/li>\n<li>Podalj\u0161ana \u017eivljenjska doba &#8211; ohranja in krepi povr\u0161ino<\/li>\n<\/ul><\/div>\n","protected":false},"excerpt":{"rendered":"<p>VISOKA U\u010cINKOVITOST &#8211; Posebej zasnovan za asfaltne ceste|TRAJNOSTNI &#8211; Trajna \u010drna plast z nizkim sijajem|ZA\u0160\u010cITA &#8211; \u0161\u010diti pred vremenskimi vplivi, razlitji in rastjo plevela|ENOSTAVNA UPORABA &#8211; Enostaven nanos za brezhibne rezultate|Hitro su\u0161enje &#8211; Pripravljen za uporabo v samo 4 urah|Barva &#8211; \u010drna|Prostornina teko\u010dine &#8211; 1 L|Pokritost &#8211; do 6 m\u00b2|\u010cas su\u0161enja &#8211; 4 ure za uporabo|Uporaba &#8211; s \u010dopi\u010dem, valj\u010dkom ali razpr\u0161ilom<\/p>\n","protected":false},"featured_media":83690,"template":"","meta":{"_acf_changed":false},"product_cat":[1397],"product_tag":[1407,1408],"acf":[],"_links":{"self":[{"href":"https:\/\/megapelican.com\/si\/wp-json\/wp\/v2\/product\/83691"}],"collection":[{"href":"https:\/\/megapelican.com\/si\/wp-json\/wp\/v2\/product"}],"about":[{"href":"https:\/\/megapelican.com\/si\/wp-json\/wp\/v2\/types\/product"}],"wp:featuredmedia":[{"embeddable":true,"href":"https:\/\/megapelican.com\/si\/wp-json\/wp\/v2\/media\/83690"}],"wp:attachment":[{"href":"https:\/\/megapelican.com\/si\/wp-json\/wp\/v2\/media?parent=83691"}],"wp:term":[{"taxonomy":"product_cat","embeddable":true,"href":"https:\/\/megapelican.com\/si\/wp-json\/wp\/v2\/product_cat?post=83691"},{"taxonomy":"product_tag","embeddable":true,"href":"https:\/\/megapelican.com\/si\/wp-json\/wp\/v2\/product_tag?post=83691"}],"curies":[{"name":"wp","href":"https:\/\/api.w.org\/{rel}","templated":true}]}}