{"id":83574,"date":"2025-10-23T13:13:02","date_gmt":"2025-10-23T11:13:02","guid":{"rendered":"https:\/\/megapelican.com\/si\/izdelek\/namizni-ventilator-flyaway-za-odganjanje-muh-2-paketa\/"},"modified":"2025-10-23T21:41:30","modified_gmt":"2025-10-23T19:41:30","slug":"namizni-ventilator-flyaway-za-odganjanje-muh-2-paketa","status":"publish","type":"product","link":"https:\/\/megapelican.com\/si\/izdelek\/namizni-ventilator-flyaway-za-odganjanje-muh-2-paketa\/","title":{"rendered":"Namizni ventilator FlyAway\u2122 za odganjanje muh &#8211; 2 paketa"},"content":{"rendered":"<div class=\"smania_landing_description_title\"> NOVO: Pre\u017eenite muhe brez te\u017eav <\/div>\n<div class=\"smania_landing_description_txt\"> Brez te\u017eav pre\u017eenite muhe: Brez muh v nekaj sekundah! <\/div>\n<div class=\"smania_landing_description_subtitle\"> Odkrijte \u010darobnost naprave FlyAway\u2122, revolucionarnega orodja, ki brez te\u017eav od\u017eene nadle\u017ene muhe in poskrbi, da so va\u0161a jedilna do\u017eivetja popolnoma nemotena. <\/div>\n<div class=\"smania_landing_description_list\">\n<ul>\n<li>Varna, otrokom prijazna zasnova<\/li>\n<li>Mehka, ne\u0161kodljiva rezila<\/li>\n<li>Odganjalec insektov brez kemikalij<\/li>\n<li>Odli\u010dno za uporabo v zaprtih prostorih in na prostem<\/li>\n<li>Odsevna tehnologija odvra\u010da \u0161kodljivce<\/li>\n<li>Lahka, prenosna re\u0161itev<\/li>\n<\/ul><\/div>\n","protected":false},"excerpt":{"rendered":"<p>Brez kemikalij, \u010dista kakovost|Enostavna uporaba in u\u017eivanje|Elegantna in elegantna zasnova|Idealno za piknike in \u017eare|Baterija ni vklju\u010dena|Barva: \u010drna|Velikost izdelka: 9 x 9 x 25 cm|Te\u017ea izdelka: 270 g<\/p>\n","protected":false},"featured_media":84330,"template":"","meta":{"_acf_changed":false},"product_cat":[1395,1396],"product_tag":[1428],"acf":[],"_links":{"self":[{"href":"https:\/\/megapelican.com\/si\/wp-json\/wp\/v2\/product\/83574"}],"collection":[{"href":"https:\/\/megapelican.com\/si\/wp-json\/wp\/v2\/product"}],"about":[{"href":"https:\/\/megapelican.com\/si\/wp-json\/wp\/v2\/types\/product"}],"wp:featuredmedia":[{"embeddable":true,"href":"https:\/\/megapelican.com\/si\/wp-json\/wp\/v2\/media\/84330"}],"wp:attachment":[{"href":"https:\/\/megapelican.com\/si\/wp-json\/wp\/v2\/media?parent=83574"}],"wp:term":[{"taxonomy":"product_cat","embeddable":true,"href":"https:\/\/megapelican.com\/si\/wp-json\/wp\/v2\/product_cat?post=83574"},{"taxonomy":"product_tag","embeddable":true,"href":"https:\/\/megapelican.com\/si\/wp-json\/wp\/v2\/product_tag?post=83574"}],"curies":[{"name":"wp","href":"https:\/\/api.w.org\/{rel}","templated":true}]}}