{"id":83549,"date":"2025-10-23T13:12:04","date_gmt":"2025-10-23T11:12:04","guid":{"rendered":"https:\/\/megapelican.com\/si\/izdelek\/solidmax-cistilo-za-vodni-kamen\/"},"modified":"2025-10-23T13:12:26","modified_gmt":"2025-10-23T11:12:26","slug":"solidmax-cistilo-za-vodni-kamen","status":"publish","type":"product","link":"https:\/\/megapelican.com\/si\/izdelek\/solidmax-cistilo-za-vodni-kamen\/","title":{"rendered":"SolidMax &#8211; \u010cistilo za vodni kamen"},"content":{"rendered":"<div class=\"smania_landing_description_title\">NOVO! Sovra\u017enik trdovratne lestvice!<\/div>\n<div class=\"smania_landing_description_txt\">Neverjetna \u010disto\u010da v treh korakih<\/div>\n<div class=\"smania_landing_description_subtitle\">Ste utrujeni od ve\u010durnega drgnjenja? S \u010dude\u017enim \u010distilom SolidMax bo \u010di\u0161\u010denje postalo u\u017eitek! Ta inovativna formula zlahka raztopi vodni kamen, kalcij in druge made\u017ee trde vode ter celo ustvari za\u0161\u010ditni sloj, ki prepre\u010duje nastanek usedlin v prihodnosti! Samo nanesite, pustite delovati in brez te\u017eav obri\u0161ite made\u017ee. Naj bo \u010di\u0161\u010denje enostavno in prijetno s SolidMaxom!<\/div>\n<div class=\"smania_landing_description_list\">\n<ul>\n<li>Enostavno raztaplja vodni kamen<\/li>\n<li>Odstranjuje kalcij in made\u017ee trde vode<\/li>\n<li>Za\u0161\u010ditni sloj pred nadaljnjimi usedlinami<\/li>\n<li>Enostaven za uporabo, \u010di\u0161\u010denje ni potrebno<\/li>\n<li>Hitri in u\u010dinkoviti rezultati<\/li>\n<li>\u010cisti kadi, pipe, umivalnike in bideje<\/li>\n<\/ul><\/div>\n","protected":false},"excerpt":{"rendered":"<p>Takoj\u0161en u\u010dinek v nekaj minutah|Ne\u017een do povr\u0161in|Dolgotrajna \u010disto\u010da|Enostaven nanos|Profesionalno \u010di\u0161\u010denje na domu|Ni\u010d ve\u010d trdovratnih made\u017eev|Ve\u010d za\u0161\u010dite, manj dela|Spopade se z najtrdovratnej\u0161imi vodnimi kamni<\/p>\n","protected":false},"featured_media":83548,"template":"","meta":{"_acf_changed":false},"product_cat":[1397],"product_tag":[1398],"acf":[],"_links":{"self":[{"href":"https:\/\/megapelican.com\/si\/wp-json\/wp\/v2\/product\/83549"}],"collection":[{"href":"https:\/\/megapelican.com\/si\/wp-json\/wp\/v2\/product"}],"about":[{"href":"https:\/\/megapelican.com\/si\/wp-json\/wp\/v2\/types\/product"}],"wp:featuredmedia":[{"embeddable":true,"href":"https:\/\/megapelican.com\/si\/wp-json\/wp\/v2\/media\/83548"}],"wp:attachment":[{"href":"https:\/\/megapelican.com\/si\/wp-json\/wp\/v2\/media?parent=83549"}],"wp:term":[{"taxonomy":"product_cat","embeddable":true,"href":"https:\/\/megapelican.com\/si\/wp-json\/wp\/v2\/product_cat?post=83549"},{"taxonomy":"product_tag","embeddable":true,"href":"https:\/\/megapelican.com\/si\/wp-json\/wp\/v2\/product_tag?post=83549"}],"curies":[{"name":"wp","href":"https:\/\/api.w.org\/{rel}","templated":true}]}}