{"id":83536,"date":"2025-10-23T13:11:39","date_gmt":"2025-10-23T11:11:39","guid":{"rendered":"https:\/\/megapelican.com\/si\/izdelek\/moonflower-stojalo-za-rastline-v-obliki-polmeseca-z-osvetlitvijo\/"},"modified":"2025-10-23T21:39:34","modified_gmt":"2025-10-23T19:39:34","slug":"moonflower-stojalo-za-rastline-v-obliki-polmeseca-z-osvetlitvijo","status":"publish","type":"product","link":"https:\/\/megapelican.com\/si\/izdelek\/moonflower-stojalo-za-rastline-v-obliki-polmeseca-z-osvetlitvijo\/","title":{"rendered":"Moonflower\u2122 Stojalo za rastline v obliki polmeseca z osvetlitvijo"},"content":{"rendered":"<div class=\"smania_landing_description_title\">NOVO: Naj va\u0161e cvetje zasije v temi!<\/div>\n<div class=\"smania_landing_description_txt\">Osvetlite svoj dom, osvetlite svoje cvetje!<\/div>\n<div class=\"smania_landing_description_subtitle\">To stojalo v obliki lune z UV-osvetlitvijo bo va\u0161im cvetlicam pomagalo rasti tudi brez son\u010dne svetlobe!<\/div>\n<div class=\"smania_landing_description_list\">\n<ul>\n<li>Z 2 podpornikoma z vi\u0161ino 160 cm<\/li>\n<li>Vgrajena osvetlitev polnega spektra<\/li>\n<li>Robustna konstrukcija iz nerjave\u010dega jekla<\/li>\n<li>6 nosilcev za rastline in 2 obe\u0161alni kljuki<\/li>\n<li>U\u010dinkovite police z navpi\u010dnim nagibom<\/li>\n<li>Enostavna monta\u017ea s prilo\u017eenimi navodili<\/li>\n<li>Paket vklju\u010duje samo eno stojalo za rastline<\/li>\n<\/ul><\/div>\n","protected":false},"excerpt":{"rendered":"<p>Pove\u010danje navpi\u010dnega prostora|Idealno za notranjo opremo|Odli\u010dno darilo za ljubitelje narave|Barva: temno rjava, \u010drna|Materiali: masivni les, \u017eelezo|Paket vklju\u010duje: eno stojalo za rastline|Dimenzije: 160 x 50 x 30 cm|Dol\u017eina svetlobnega traku: 180 cm|Nastavljiva svetlost: od 10 % do 100 %|Samodejni vklop\/izklop: 3 ure \/ 9 ur \/ 12 ur<\/p>\n","protected":false},"featured_media":84293,"template":"","meta":{"_acf_changed":false},"product_cat":[1395],"product_tag":[255,1399],"acf":[],"_links":{"self":[{"href":"https:\/\/megapelican.com\/si\/wp-json\/wp\/v2\/product\/83536"}],"collection":[{"href":"https:\/\/megapelican.com\/si\/wp-json\/wp\/v2\/product"}],"about":[{"href":"https:\/\/megapelican.com\/si\/wp-json\/wp\/v2\/types\/product"}],"wp:featuredmedia":[{"embeddable":true,"href":"https:\/\/megapelican.com\/si\/wp-json\/wp\/v2\/media\/84293"}],"wp:attachment":[{"href":"https:\/\/megapelican.com\/si\/wp-json\/wp\/v2\/media?parent=83536"}],"wp:term":[{"taxonomy":"product_cat","embeddable":true,"href":"https:\/\/megapelican.com\/si\/wp-json\/wp\/v2\/product_cat?post=83536"},{"taxonomy":"product_tag","embeddable":true,"href":"https:\/\/megapelican.com\/si\/wp-json\/wp\/v2\/product_tag?post=83536"}],"curies":[{"name":"wp","href":"https:\/\/api.w.org\/{rel}","templated":true}]}}