{"id":83475,"date":"2025-10-23T13:09:56","date_gmt":"2025-10-23T11:09:56","guid":{"rendered":"https:\/\/megapelican.com\/si\/izdelek\/sinkslide-2-nivojski-drsni-predal-za-shranjevanje\/"},"modified":"2025-10-23T13:10:12","modified_gmt":"2025-10-23T11:10:12","slug":"sinkslide-2-nivojski-drsni-predal-za-shranjevanje","status":"publish","type":"product","link":"https:\/\/megapelican.com\/si\/izdelek\/sinkslide-2-nivojski-drsni-predal-za-shranjevanje\/","title":{"rendered":"SinkSlide\u2122 2-nivojski drsni predal za shranjevanje"},"content":{"rendered":"<div class=\"smania_landing_description_title\">NOVO: Pametna organizacija za umivalnik<\/div>\n<div class=\"smania_landing_description_txt\">MAKSIMALNA U\u010cINKOVITOST V KUHINJI!<\/div>\n<div class=\"smania_landing_description_subtitle\"> Odkrijte u\u010dinkovitost in slog s SinkSlide\u2122, ki pove\u010duje prostor pod pomivalnim koritom. Ta organizator, zasnovan za tiste, ki i\u0161\u010dejo urejenost in dostopnost, omogo\u010da priro\u010dno shranjevanje \u010distil, gobic in dodatkov, ki so vedno na dosegu roke. Robustna, sodobna zasnova se odli\u010dno prilega vsaki kuhinji, pri \u010demer ni potrebna zapletena namestitev ali napajanje z elektri\u010dno energijo.<\/div>\n<div class=\"smania_landing_description_list\">\n<ul>\n<li>Popoln red &#8211; organizira \u010distila in dodatke v majhnem prostoru<\/li>\n<li>Idealno za majhne kuhinje &#8211; optimizira prostor pod pomivalnim koritom<\/li>\n<li>Zasnova za var\u010devanje s prostorom &#8211; Dvonivojska struktura za dodatno zmogljivost shranjevanja<\/li>\n<li>Enostavna namestitev &#8211; ni potrebno orodje ali vrtanje<\/li>\n<li>Gladko drsenje &#8211; izvle\u010dni predali za hiter dostop<\/li>\n<li>Mo\u010dan in trpe\u017een &#8211; Visokokakovostni materiali<\/li>\n<li>Sodoben slog &#8211; prilega se vsaki kuhinji<\/li>\n<li>Enostavno \u010di\u0161\u010denje &#8211; povr\u0161ine, odporne na made\u017ee in vlago<\/li>\n<\/ul><\/div>\n","protected":false},"excerpt":{"rendered":"<p>Robustna in vzdr\u017eljiva struktura|Visokokakovostni materiali|Primeren za vsako kuhinjo|Gladki drsni predali|Majhna povr\u0161ina, najve\u010dja zmogljivost|Barva: \u010drna|Material: Plastika in trpe\u017ena kovina|Dimenzije: Nastavljiv od 41 do 48,5 cm x 26,5 cm x 38 cm<\/p>\n","protected":false},"featured_media":83474,"template":"","meta":{"_acf_changed":false},"product_cat":[223],"product_tag":[615],"acf":[],"_links":{"self":[{"href":"https:\/\/megapelican.com\/si\/wp-json\/wp\/v2\/product\/83475"}],"collection":[{"href":"https:\/\/megapelican.com\/si\/wp-json\/wp\/v2\/product"}],"about":[{"href":"https:\/\/megapelican.com\/si\/wp-json\/wp\/v2\/types\/product"}],"wp:featuredmedia":[{"embeddable":true,"href":"https:\/\/megapelican.com\/si\/wp-json\/wp\/v2\/media\/83474"}],"wp:attachment":[{"href":"https:\/\/megapelican.com\/si\/wp-json\/wp\/v2\/media?parent=83475"}],"wp:term":[{"taxonomy":"product_cat","embeddable":true,"href":"https:\/\/megapelican.com\/si\/wp-json\/wp\/v2\/product_cat?post=83475"},{"taxonomy":"product_tag","embeddable":true,"href":"https:\/\/megapelican.com\/si\/wp-json\/wp\/v2\/product_tag?post=83475"}],"curies":[{"name":"wp","href":"https:\/\/api.w.org\/{rel}","templated":true}]}}