{"id":83462,"date":"2025-10-23T13:09:49","date_gmt":"2025-10-23T11:09:49","guid":{"rendered":"https:\/\/megapelican.com\/si\/izdelek\/magicrackpro-3-nadstropni-raztegljivi-regal-za-mikrovalovno-pecico\/"},"modified":"2025-10-23T13:09:55","modified_gmt":"2025-10-23T11:09:55","slug":"magicrackpro-3-nadstropni-raztegljivi-regal-za-mikrovalovno-pecico","status":"publish","type":"product","link":"https:\/\/megapelican.com\/si\/izdelek\/magicrackpro-3-nadstropni-raztegljivi-regal-za-mikrovalovno-pecico\/","title":{"rendered":"MagicRackPro\u2122 3-nadstropni raztegljivi regal za mikrovalovno pe\u010dico"},"content":{"rendered":"<div class=\"smania_landing_description_title\">NOVO: Pove\u010dajte prostor v kuhinji<\/div>\n<div class=\"smania_landing_description_txt\">Ogromno dodatnega prostora na kuhinjskem pultu!<\/div>\n<div class=\"smania_landing_description_subtitle\">Preoblikujte svoj kuhinjski prostor z MagicRackPro\u2122. Ta prakti\u010dni 3-nadstropni raztegljivi regal je izdelan iz trpe\u017enega ogljikovega jekla in zagotavlja izjemno stabilnost in trdnost. Njegova raz\u0161irljiva zasnova se popolnoma prilega va\u0161im potrebam, zato bo va\u0161a kuhinja videti bolj urejena in funkcionalna.<\/div>\n<div class=\"smania_landing_description_list\">\n<ul>\n<li>Pove\u010dajte prostor na kuhinjskem pultu<\/li>\n<li>Raztegljiva zasnova za namestitev na katero koli povr\u0161ino<\/li>\n<li>Odli\u010dno za mikrovalovne pe\u010dice in druge kuhinjske aparate<\/li>\n<li>Trpe\u017ena kovina za stabilnost in dolgo \u017eivljenjsko dobo<\/li>\n<li>Idealno za kuhinjo, pisarno ali katero koli drugo okolje<\/li>\n<li>Vklju\u010duje 6 kavljev za kuhinjske pripomo\u010dke<\/li>\n<\/ul><\/div>\n","protected":false},"excerpt":{"rendered":"<p>Trpe\u017een in mo\u010dan material|Dvojni prostor za shranjevanje|Vsestransko uporaben za razli\u010dne aplikacije|Vklju\u010duje stojalo za za\u010dimbe in folijo|Oblika primerna za vsako kuhinjo|Barva: siva|Te\u017ea: 6,2 kg|Material: trpe\u017ena kovina|Dol\u017eina: Raztegljivost od 40 do 64 cm|Dimenzije: 79 x 36,5 x 40-64 cm|Trdna in stabilna struktura|Vklju\u010duje 6 kavljev za kuhinjske pripomo\u010dke<\/p>\n","protected":false},"featured_media":0,"template":"","meta":{"_acf_changed":false},"product_cat":[16,223],"product_tag":[615],"acf":[],"_links":{"self":[{"href":"https:\/\/megapelican.com\/si\/wp-json\/wp\/v2\/product\/83462"}],"collection":[{"href":"https:\/\/megapelican.com\/si\/wp-json\/wp\/v2\/product"}],"about":[{"href":"https:\/\/megapelican.com\/si\/wp-json\/wp\/v2\/types\/product"}],"wp:attachment":[{"href":"https:\/\/megapelican.com\/si\/wp-json\/wp\/v2\/media?parent=83462"}],"wp:term":[{"taxonomy":"product_cat","embeddable":true,"href":"https:\/\/megapelican.com\/si\/wp-json\/wp\/v2\/product_cat?post=83462"},{"taxonomy":"product_tag","embeddable":true,"href":"https:\/\/megapelican.com\/si\/wp-json\/wp\/v2\/product_tag?post=83462"}],"curies":[{"name":"wp","href":"https:\/\/api.w.org\/{rel}","templated":true}]}}