{"id":83450,"date":"2025-10-23T13:09:31","date_gmt":"2025-10-23T11:09:31","guid":{"rendered":"https:\/\/megapelican.com\/si\/izdelek\/storemaster-kopalniska-polica-za-varcevanje-s-prostorom\/"},"modified":"2025-10-23T13:09:45","modified_gmt":"2025-10-23T11:09:45","slug":"storemaster-kopalniska-polica-za-varcevanje-s-prostorom","status":"publish","type":"product","link":"https:\/\/megapelican.com\/si\/izdelek\/storemaster-kopalniska-polica-za-varcevanje-s-prostorom\/","title":{"rendered":"StoreMaster\u2122 Kopalni\u0161ka polica za var\u010devanje s prostorom"},"content":{"rendered":"<div class=\"smania_landing_description_title\">NOVO: StoreMaster\u2122 Kopalni\u0161ka polica za var\u010devanje s prostorom<\/div>\n<div class=\"smania_landing_description_txt\">Re\u0161ite te\u017eavo s prostorom v kopalnici!<\/div>\n<div class=\"smania_landing_description_subtitle\">Ugotovite, kako lahko s StoreMaster\u2122 Kopalni\u0161ka polica za var\u010devanje s prostorom, spremenite vsak koti\u010dek svojega doma! Ta neverjeten kos pohi\u0161tva je zasnovan tako, da lahko stoji kjer koli, od kav\u010da do dnevne sobe, in ustvari \u017eivahen prostor. S svojimi elegantnimi in \u010distimi linijami je \u010dudovit dodatek k organizaciji va\u0161ega doma. Ne zamudite prilo\u017enosti za \u017eivljenje brez nereda!<\/div>\n<div class=\"smania_landing_description_list\">\n<ul>\n<li>Zasnovan za tesne prostore<\/li>\n<li>Velika zmogljivost za velike predmete (3 stojala)<\/li>\n<li>Elegantna zasnova, ki se prilega vsakemu slogu<\/li>\n<li>Robusten, trpe\u017een in na vodo odporen material<\/li>\n<li>Primeren za higienske izdelke<\/li>\n<\/ul><\/div>\n","protected":false},"excerpt":{"rendered":"<p>Prihranite \u010das z organizacijo|Prakti\u010dna posoda za rob\u010dke|Optimizirajte uporabne povr\u0161ine|Primerno za kopalnico in dnevno sobo|Enostavno odstranljivi predali|Trpe\u017een, vzdr\u017eljiv in vodoodporen|Dimenzije: vmesnik: 78 x 41 x 18 cm|Nosilnost do 60 kg|\u0160tevilo polic: 3|Opremljen z valj\u010dki<\/p>\n","protected":false},"featured_media":0,"template":"","meta":{"_acf_changed":false},"product_cat":[16],"product_tag":[306],"acf":[],"_links":{"self":[{"href":"https:\/\/megapelican.com\/si\/wp-json\/wp\/v2\/product\/83450"}],"collection":[{"href":"https:\/\/megapelican.com\/si\/wp-json\/wp\/v2\/product"}],"about":[{"href":"https:\/\/megapelican.com\/si\/wp-json\/wp\/v2\/types\/product"}],"wp:attachment":[{"href":"https:\/\/megapelican.com\/si\/wp-json\/wp\/v2\/media?parent=83450"}],"wp:term":[{"taxonomy":"product_cat","embeddable":true,"href":"https:\/\/megapelican.com\/si\/wp-json\/wp\/v2\/product_cat?post=83450"},{"taxonomy":"product_tag","embeddable":true,"href":"https:\/\/megapelican.com\/si\/wp-json\/wp\/v2\/product_tag?post=83450"}],"curies":[{"name":"wp","href":"https:\/\/api.w.org\/{rel}","templated":true}]}}