{"id":83437,"date":"2025-10-23T13:09:21","date_gmt":"2025-10-23T11:09:21","guid":{"rendered":"https:\/\/megapelican.com\/si\/izdelek\/pilates-fitnes-deska-pilatesprofit\/"},"modified":"2025-10-23T21:30:32","modified_gmt":"2025-10-23T19:30:32","slug":"pilates-fitnes-deska-pilatesprofit","status":"publish","type":"product","link":"https:\/\/megapelican.com\/si\/izdelek\/pilates-fitnes-deska-pilatesprofit\/","title":{"rendered":"Pilates fitnes deska PilatesProFit\u2122"},"content":{"rendered":"<div class=\"smania_landing_description_title\">NOVO: Re\u0161itev za vadbo celotnega telesa<\/div>\n<div class=\"smania_landing_description_txt\">Pridobite svoje sanjsko telo v udobju doma!<\/div>\n<div class=\"smania_landing_description_subtitle\">Sanjate o doma\u010di telovadnici? Fitnes deska PilatesProFit\u2122 je odgovor na va\u0161e \u017eelje! Ta kompakten kos opreme zdru\u017euje pilates in vadbo za celotno telo, zaradi \u010desar je vsaka vadba v fitnesu druga\u010dna, vznemirljiva in zanimiva. Z nastavljivimi odpornostnimi trakovi in pametnim \u010dasovnikom bo va\u0161a sanjska vadba postala resni\u010dnost! Kupite jo zdaj in odkrijte, kako lahko korenito spremenite svojo doma\u010do fitnes rutino.<\/div>\n<div class=\"smania_landing_description_list\">\n<ul>\n<li>Zdru\u017euje \u0161tevilne vaje za vadbo celotnega telesa<\/li>\n<li>Nastavljivi elasti\u010dni trakovi za vsako raven telesne pripravljenosti<\/li>\n<li>Ciljna krepitev ramen, rok, nog in prsnega ko\u0161a<\/li>\n<li>Vgrajen od\u0161tevalnik za natan\u010dno spremljanje<\/li>\n<li>Zlo\u017eljiva zasnova in kompaktna velikost za enostavno shranjevanje<\/li>\n<\/ul><\/div>\n","protected":false},"excerpt":{"rendered":"<p>U\u010dinkovita vadba celotnega telesa v udobju doma|Prilagodljiva intenzivnost vadbe|Krepi in oblikuje mi\u0161ice|Odli\u010dno za za\u010detnike in napredne vaditelje|Enostavna uporaba in ustvarjanje razli\u010dnih vaj|Kompaktna in zlo\u017eljiva: popolna tudi za majhne prostore|Nedrse\u010de blazinice na dnu in 180\u00b0 vrtljivi ro\u010daji|Udobna pena na ro\u010dajih in odebeljene blazinice za kolena|Material: visokokakovostna plastika (ABS)|Dimenzije: 98 x 41 cm|Najve\u010dja nosilnost: 140 kg|Te\u017ea: 9,7 kg<\/p>\n","protected":false},"featured_media":84247,"template":"","meta":{"_acf_changed":false},"product_cat":[1395,19,21],"product_tag":[537,551],"acf":[],"_links":{"self":[{"href":"https:\/\/megapelican.com\/si\/wp-json\/wp\/v2\/product\/83437"}],"collection":[{"href":"https:\/\/megapelican.com\/si\/wp-json\/wp\/v2\/product"}],"about":[{"href":"https:\/\/megapelican.com\/si\/wp-json\/wp\/v2\/types\/product"}],"wp:featuredmedia":[{"embeddable":true,"href":"https:\/\/megapelican.com\/si\/wp-json\/wp\/v2\/media\/84247"}],"wp:attachment":[{"href":"https:\/\/megapelican.com\/si\/wp-json\/wp\/v2\/media?parent=83437"}],"wp:term":[{"taxonomy":"product_cat","embeddable":true,"href":"https:\/\/megapelican.com\/si\/wp-json\/wp\/v2\/product_cat?post=83437"},{"taxonomy":"product_tag","embeddable":true,"href":"https:\/\/megapelican.com\/si\/wp-json\/wp\/v2\/product_tag?post=83437"}],"curies":[{"name":"wp","href":"https:\/\/api.w.org\/{rel}","templated":true}]}}