{"id":83416,"date":"2025-10-23T13:09:12","date_gmt":"2025-10-23T11:09:12","guid":{"rendered":"https:\/\/megapelican.com\/si\/izdelek\/sredstvo-za-utrjevanje-peska-sandbind-1-l\/"},"modified":"2025-10-23T21:28:34","modified_gmt":"2025-10-23T19:28:34","slug":"sredstvo-za-utrjevanje-peska-sandbind-1-l","status":"publish","type":"product","link":"https:\/\/megapelican.com\/si\/izdelek\/sredstvo-za-utrjevanje-peska-sandbind-1-l\/","title":{"rendered":"Sredstvo za utrjevanje peska SANDBIND\u2122 (1 L)"},"content":{"rendered":"<div class=\"smania_landing_description_title\">NOVO! Hitro popravite nevarne cestne luknje<\/div>\n<div class=\"smania_landing_description_txt\">Mo\u010dno vezivo za tla, stene, zastirke in kamen\u010dke &#8211; dolgotrajna stabilnost in za\u0161\u010dita!<\/div>\n<div class=\"smania_landing_description_subtitle\">Odkrijte skrivnost dolgotrajne re\u0161itve za tesnjenje! Poslovite se od nevarnih lukenj, kru\u0161ljivih zidov in raztresene zastirke ali kamen\u010dkov z brezbarvnim lepilom SANDBIND\u2122 na osnovi peska. Hitra in enostavna re\u0161itev, ki odpravlja tveganje dragih popravil ter poskrbi za urejenost in varnost va\u0161ih zunanjih povr\u0161in. Mo\u010d lepila SANDBIND\u2122 boste opazili \u017ee pri prvih nanosih!<\/div>\n<div class=\"smania_landing_description_list\">\n<ul>\n<li>Izjemna mo\u010d lepljenja za dolgotrajne rezultate<\/li>\n<li>Enostavna in stro\u0161kovno u\u010dinkovita re\u0161itev za luknje, zastirke in kamen\u010dke<\/li>\n<li>Prepre\u010duje raztresanje in erozijo vrtnih povr\u0161in<\/li>\n<li>Odporen na vodo in vlago<\/li>\n<li>Odporen na UV \u017earke in ekstremne temperature<\/li>\n<li>Varna za uporabo, okolju prijazna formula<\/li>\n<\/ul><\/div>\n","protected":false},"excerpt":{"rendered":"<p>Hitra, enostavna in poceni uporaba|Enostavna uporaba tudi za za\u010detnike|Izjemno mo\u010dan oprijem zagotavlja trajne rezultate|Odporen na vodo in vlago|Odporen na UV \u017earke in ekstremne temperature|Hitra in u\u010dinkovita penetracija peska|Ustvari polimerni sloj, ki zatesni razpoke|Neto: 1 L|Pokritost: do 4 kvadratnih metrov|Podro\u010dja uporabe: tla, stene, vrtne povr\u0161ine (zastirke, kamen\u010dki)|Primerni materiali: pesek, kamenje, zastirke, kamen\u010dki|Okolju prijazna formula na vodni osnovi|Lahko se hrani pri sobni temperaturi (5-35 \u00b0C)|Rok trajanja: 12 mesecev<\/p>\n","protected":false},"featured_media":84223,"template":"","meta":{"_acf_changed":false},"product_cat":[1397,1396],"product_tag":[1408],"acf":[],"_links":{"self":[{"href":"https:\/\/megapelican.com\/si\/wp-json\/wp\/v2\/product\/83416"}],"collection":[{"href":"https:\/\/megapelican.com\/si\/wp-json\/wp\/v2\/product"}],"about":[{"href":"https:\/\/megapelican.com\/si\/wp-json\/wp\/v2\/types\/product"}],"wp:featuredmedia":[{"embeddable":true,"href":"https:\/\/megapelican.com\/si\/wp-json\/wp\/v2\/media\/84223"}],"wp:attachment":[{"href":"https:\/\/megapelican.com\/si\/wp-json\/wp\/v2\/media?parent=83416"}],"wp:term":[{"taxonomy":"product_cat","embeddable":true,"href":"https:\/\/megapelican.com\/si\/wp-json\/wp\/v2\/product_cat?post=83416"},{"taxonomy":"product_tag","embeddable":true,"href":"https:\/\/megapelican.com\/si\/wp-json\/wp\/v2\/product_tag?post=83416"}],"curies":[{"name":"wp","href":"https:\/\/api.w.org\/{rel}","templated":true}]}}