{"id":83404,"date":"2025-10-23T13:09:01","date_gmt":"2025-10-23T11:09:01","guid":{"rendered":"https:\/\/megapelican.com\/si\/izdelek\/akrilni-poliuretanski-vodoodporni-premaz-aquacoatz-1-kg\/"},"modified":"2025-10-23T21:28:56","modified_gmt":"2025-10-23T19:28:56","slug":"akrilni-poliuretanski-vodoodporni-premaz-aquacoatz-1-kg","status":"publish","type":"product","link":"https:\/\/megapelican.com\/si\/izdelek\/akrilni-poliuretanski-vodoodporni-premaz-aquacoatz-1-kg\/","title":{"rendered":"Akrilni poliuretanski vodoodporni premaz AquaCoatz\u2122 (1 kg)"},"content":{"rendered":"<div class=\"smania_landing_description_title\">NOVO! Tesnjenje in za\u0161\u010dita<\/div>\n<div class=\"smania_landing_description_txt\">Za\u0161\u010ditite svoje strehe, stene in tla pred pronicanjem vode za desetletja!<\/div>\n<div class=\"smania_landing_description_subtitle\">AquaCoatz\u2122, teko\u010di poliuretanski vodoodporni premaz, zagotavlja varnost va\u0161e strehe v vseh letnih \u010dasih, razli\u010dnih vremenskih razmerah in ekstremnih temperaturah. Pozabite na pronicanje vode in u\u017eivajte v nepremagljivi vodotesni za\u0161\u010diti.<\/div>\n<div class=\"smania_landing_description_list\">\n<ul>\n<li>Certificirana vodotesna za\u0161\u010dita za strehe, tla in stene<\/li>\n<li>Lahko se nana\u0161a s \u010dopi\u010dem, valj\u010dkom ali pr\u0161ilnimi napravami<\/li>\n<li>Odli\u010dna pro\u017enost, primerna za vse temperature<\/li>\n<li>Formula proti staranju zagotavlja izjemno obstojnost<\/li>\n<li>Zdru\u017eljiv s kovinskimi, betonskimi in asfaltnimi povr\u0161inami<\/li>\n<li>Varna in okolju prijazna formula<\/li>\n<li>1 kg pokrije do 2 m2<\/li>\n<\/ul><\/div>\n","protected":false},"excerpt":{"rendered":"<p>Dolgotrajna odpornost na vodo|Samonivelirni vodoodporni premaz, enostaven za nana\u0161anje|Odpornost na ekstremne temperature od -40 do +80 \u00b0C|Izjemna odpornost proti UV-\u017earkom in vremenskim vplivom|Trajen in mo\u010dan oprijem na trdne povr\u0161ine|Visoka elasti\u010dnost, ne razpoka in se ne deformira|Pokritost: 2 m2 na 1 kg izdelka|Na\u010din nana\u0161anja: \u010dopi\u010d, valj\u010dek, pr\u0161ilnik|Kompatibilni materiali: kovina, beton, asfalt|Barva: siva|Vsebina: 1 kg|Rok trajanja: 12 mesecev<\/p>\n","protected":false},"featured_media":84236,"template":"","meta":{"_acf_changed":false},"product_cat":[1397,1396],"product_tag":[1407,1408],"acf":[],"_links":{"self":[{"href":"https:\/\/megapelican.com\/si\/wp-json\/wp\/v2\/product\/83404"}],"collection":[{"href":"https:\/\/megapelican.com\/si\/wp-json\/wp\/v2\/product"}],"about":[{"href":"https:\/\/megapelican.com\/si\/wp-json\/wp\/v2\/types\/product"}],"wp:featuredmedia":[{"embeddable":true,"href":"https:\/\/megapelican.com\/si\/wp-json\/wp\/v2\/media\/84236"}],"wp:attachment":[{"href":"https:\/\/megapelican.com\/si\/wp-json\/wp\/v2\/media?parent=83404"}],"wp:term":[{"taxonomy":"product_cat","embeddable":true,"href":"https:\/\/megapelican.com\/si\/wp-json\/wp\/v2\/product_cat?post=83404"},{"taxonomy":"product_tag","embeddable":true,"href":"https:\/\/megapelican.com\/si\/wp-json\/wp\/v2\/product_tag?post=83404"}],"curies":[{"name":"wp","href":"https:\/\/api.w.org\/{rel}","templated":true}]}}