{"id":83361,"date":"2025-10-23T13:08:24","date_gmt":"2025-10-23T11:08:24","guid":{"rendered":"https:\/\/megapelican.com\/si\/izdelek\/gel-za-odstranjevanje-plesni-banishmold-100-ml\/"},"modified":"2025-10-23T21:24:14","modified_gmt":"2025-10-23T19:24:14","slug":"gel-za-odstranjevanje-plesni-banishmold-100-ml","status":"publish","type":"product","link":"https:\/\/megapelican.com\/si\/izdelek\/gel-za-odstranjevanje-plesni-banishmold-100-ml\/","title":{"rendered":"Gel za odstranjevanje plesni BanishMold\u2122 (100 ml)"},"content":{"rendered":"<div class=\"smania_landing_description_title\">NOVO: znebite se umazanih fug in trdovratne plesni<\/div>\n<div class=\"smania_landing_description_txt\">Poslovite se od drgnjenja in \u0161kodljivih kemikalij<\/div>\n<div class=\"smania_landing_description_subtitle\">BanishMold\u2122 je zasnovan tako, da je u\u010dinkovit, varen in enostaven za uporabo, zato lahko z minimalnim naporom povrnete \u010disto\u010do in sve\u017eino v svoje prostore.<\/div>\n<div class=\"smania_landing_description_list\">\n<ul>\n<li>Brez \u0161\u010detkanja, hitro raztaplja made\u017ee plesni<\/li>\n<li>Globoko prodre v vogale fug in plo\u0161\u010dic ter u\u010dinkovito odpravlja plesen<\/li>\n<li>Odstranjuje made\u017ee in prepre\u010duje prihodnjo rast plesni<\/li>\n<li>Odli\u010den za kopalnice, kuhinje, fuge za plo\u0161\u010dice, pralne stroje, hladilnike, prhe, umivalnike in tesnilne mase<\/li>\n<li>Va\u0161 dom dlje \u010dasa ohranja brez plesni za bolj zdravo okolje<\/li>\n<\/ul><\/div>\n","protected":false},"excerpt":{"rendered":"<p>Samo nanesite, po\u010dakajte in opazujte, kako made\u017ei izginjajo|Enostavno in u\u010dinkovito odstranjuje trdovratno plesen in made\u017ee|Odstranjuje made\u017ee brez grobega drgnjenja|Ne vsebuje \u0161kodljivih kemikalij, zato je primeren za domove in dru\u017eine|Prepre\u010duje, da bi se plesen vrnila|Zagotavlja bolj sve\u017ee in zdravo okolje|Odli\u010den za uporabo v kopalnicah, kuhinjah in drugih vla\u017enih prostorih|Obnovi \u010disto\u010do plo\u0161\u010dic, fug, pomivalnih strojev in \u0161e ve\u010d|Enostaven za nana\u0161anje na spoje in tesne robove|Vsebina: 100 ml<\/p>\n","protected":false},"featured_media":84176,"template":"","meta":{"_acf_changed":false},"product_cat":[1397,1395],"product_tag":[1398,306],"acf":[],"_links":{"self":[{"href":"https:\/\/megapelican.com\/si\/wp-json\/wp\/v2\/product\/83361"}],"collection":[{"href":"https:\/\/megapelican.com\/si\/wp-json\/wp\/v2\/product"}],"about":[{"href":"https:\/\/megapelican.com\/si\/wp-json\/wp\/v2\/types\/product"}],"wp:featuredmedia":[{"embeddable":true,"href":"https:\/\/megapelican.com\/si\/wp-json\/wp\/v2\/media\/84176"}],"wp:attachment":[{"href":"https:\/\/megapelican.com\/si\/wp-json\/wp\/v2\/media?parent=83361"}],"wp:term":[{"taxonomy":"product_cat","embeddable":true,"href":"https:\/\/megapelican.com\/si\/wp-json\/wp\/v2\/product_cat?post=83361"},{"taxonomy":"product_tag","embeddable":true,"href":"https:\/\/megapelican.com\/si\/wp-json\/wp\/v2\/product_tag?post=83361"}],"curies":[{"name":"wp","href":"https:\/\/api.w.org\/{rel}","templated":true}]}}