{"id":83348,"date":"2025-10-23T13:08:15","date_gmt":"2025-10-23T11:08:15","guid":{"rendered":"https:\/\/megapelican.com\/si\/izdelek\/nastavljivo-in-zracno-naslonjalo-za-posteljo-bedlift\/"},"modified":"2025-10-23T21:21:40","modified_gmt":"2025-10-23T19:21:40","slug":"nastavljivo-in-zracno-naslonjalo-za-posteljo-bedlift","status":"publish","type":"product","link":"https:\/\/megapelican.com\/si\/izdelek\/nastavljivo-in-zracno-naslonjalo-za-posteljo-bedlift\/","title":{"rendered":"Nastavljivo in zra\u010dno naslonjalo za posteljo BedLift\u2122"},"content":{"rendered":"<div class=\"smania_landing_description_title\">NOVO: BedLift\u2122 &#8211; za najve\u010dje udobje v postelji<\/div>\n<div class=\"smania_landing_description_txt\">Idealno za starej\u0161e, nose\u010dnice in osebe z omejeno mobilnostjo!<\/div>\n<div class=\"smania_landing_description_subtitle\">\u017delite popolno oporo med spro\u0161\u010danjem, branjem ali delom v postelji? Odkrijte nastavljivo in zra\u010dno naslonjalo za posteljo BedLift\u2122, ki je zasnovano za zagotavljanje popolne opore in udobja. Naj vas ta neverjetni nastavljivi naslon za hrbet razvaja in vsak trenutek, pre\u017eivet v postelji, spremeni v \u010disti u\u017eitek!<\/div>\n<div class=\"smania_landing_description_list\">\n<ul>\n<li>Nastavljiv kot v 6 polo\u017eajih od 0\u00b0 do 80\u00b0.<\/li>\n<li>Ergonomska podpora za hrbet, vrat, pas in roke<\/li>\n<li>Trpe\u017een in visokozmogljiv jeklen okvir<\/li>\n<li>Dihajo\u010da in udobna tkanina<\/li>\n<li>Idealen za starej\u0161e, nose\u010dnice in osebe z omejeno mobilnostjo<\/li>\n<li>Odli\u010dno za branje, gledanje filmov ali delo v postelji<\/li>\n<\/ul><\/div>\n","protected":false},"excerpt":{"rendered":"<p>Nastavljiv kot zagotavlja najve\u010dje udobje|Trpe\u017ena in vzdr\u017eljiva konstrukcija|Optimalna zra\u010dnost za dolge seanse|Udobni oblazinjeni nasloni za roke|Odstranljiv vzglavnik|Uporabljajte ga doma, na pla\u017ei, v kampu|6 nastavljivih kotov: 0\u00b0-80\u00b0|Nedrse\u010da zasnova|Vi\u0161ina: 31-55 cm|Material: visokooglji\u010dno jeklo, PVC mre\u017easta tkanina|Najve\u010dja obremenitev: 136 kg|Te\u017ea: 3 kg<\/p>\n","protected":false},"featured_media":84153,"template":"","meta":{"_acf_changed":false},"product_cat":[1395,19],"product_tag":[551],"acf":[],"_links":{"self":[{"href":"https:\/\/megapelican.com\/si\/wp-json\/wp\/v2\/product\/83348"}],"collection":[{"href":"https:\/\/megapelican.com\/si\/wp-json\/wp\/v2\/product"}],"about":[{"href":"https:\/\/megapelican.com\/si\/wp-json\/wp\/v2\/types\/product"}],"wp:featuredmedia":[{"embeddable":true,"href":"https:\/\/megapelican.com\/si\/wp-json\/wp\/v2\/media\/84153"}],"wp:attachment":[{"href":"https:\/\/megapelican.com\/si\/wp-json\/wp\/v2\/media?parent=83348"}],"wp:term":[{"taxonomy":"product_cat","embeddable":true,"href":"https:\/\/megapelican.com\/si\/wp-json\/wp\/v2\/product_cat?post=83348"},{"taxonomy":"product_tag","embeddable":true,"href":"https:\/\/megapelican.com\/si\/wp-json\/wp\/v2\/product_tag?post=83348"}],"curies":[{"name":"wp","href":"https:\/\/api.w.org\/{rel}","templated":true}]}}