{"id":83325,"date":"2025-10-23T13:08:04","date_gmt":"2025-10-23T11:08:04","guid":{"rendered":"https:\/\/megapelican.com\/si\/izdelek\/zlozljiva-kopalniska-polica-bathlux\/"},"modified":"2025-10-23T21:22:52","modified_gmt":"2025-10-23T19:22:52","slug":"zlozljiva-kopalniska-polica-bathlux","status":"publish","type":"product","link":"https:\/\/megapelican.com\/si\/izdelek\/zlozljiva-kopalniska-polica-bathlux\/","title":{"rendered":"Zlo\u017eljiva kopalni\u0161ka polica BathLux\u2122"},"content":{"rendered":"<div class=\"smania_landing_description_title\">NOVO: Prihranite prostor, pove\u010dajte udobje<\/div>\n<div class=\"smania_landing_description_txt\">Vnesite red v kopalnico, ne da bi zasedali prostor!<\/div>\n<div class=\"smania_landing_description_subtitle\">Z na\u0161o zlo\u017eljivo kopalni\u0161ko stensko polico BathLux\u2122 zagotovite eleganco in red. Ta stenski nosilec je izdelan iz trpe\u017enega aluminija in je nepogre\u0161ljiv dodatek za va\u0161o kopalnico, spalnico ali kuhinjo! Je trpe\u017een, vendar lahek in ima neverjetno veliko nosilnost. Poleg tega se subtilno zlo\u017ei ob steno in tako po potrebi sprosti dragocen prostor na tleh. Idealen za majhne in velike domove.<\/div>\n<div class=\"smania_landing_description_list\">\n<ul>\n<li>Brezhibno organizirajte svoj prostor<\/li>\n<li>Izdelan iz lahkega, a trpe\u017enega aluminija<\/li>\n<li>Hitra in enostavna namestitev s prilo\u017eenimi priseski<\/li>\n<li>Minimalisti\u010dna zasnova, ki je primerna za vsak dom<\/li>\n<li>Idealen za kopalnico, kuhinjo in drugo<\/li>\n<\/ul><\/div>\n","protected":false},"excerpt":{"rendered":"<p>Odli\u010dno za manj\u0161a stanovanja in prostore|Va\u0161emu domu takoj doda eleganco|Trpe\u017een in zasnovan za dolgo \u017eivljenjsko dobo|Elegantna, minimalisti\u010dna zasnova|Velika nosilnost|Enostavno zlo\u017eljiva, prihrani dragoceni prostor|Hitra namestitev s prilo\u017eenimi priseski|Dimenzije v zlo\u017eenem stanju: 47 x 15 x 21,8 cm|Dimenzije v razgrnjenem stanju: 47 x 21,8 x 21,2 cm|Na\u010din namestitve: namestitev na steno|Material: aluminij<\/p>\n","protected":false},"featured_media":84165,"template":"","meta":{"_acf_changed":false},"product_cat":[16],"product_tag":[306],"acf":[],"_links":{"self":[{"href":"https:\/\/megapelican.com\/si\/wp-json\/wp\/v2\/product\/83325"}],"collection":[{"href":"https:\/\/megapelican.com\/si\/wp-json\/wp\/v2\/product"}],"about":[{"href":"https:\/\/megapelican.com\/si\/wp-json\/wp\/v2\/types\/product"}],"wp:featuredmedia":[{"embeddable":true,"href":"https:\/\/megapelican.com\/si\/wp-json\/wp\/v2\/media\/84165"}],"wp:attachment":[{"href":"https:\/\/megapelican.com\/si\/wp-json\/wp\/v2\/media?parent=83325"}],"wp:term":[{"taxonomy":"product_cat","embeddable":true,"href":"https:\/\/megapelican.com\/si\/wp-json\/wp\/v2\/product_cat?post=83325"},{"taxonomy":"product_tag","embeddable":true,"href":"https:\/\/megapelican.com\/si\/wp-json\/wp\/v2\/product_tag?post=83325"}],"curies":[{"name":"wp","href":"https:\/\/api.w.org\/{rel}","templated":true}]}}