{"id":83282,"date":"2025-10-23T13:07:36","date_gmt":"2025-10-23T11:07:36","guid":{"rendered":"https:\/\/megapelican.com\/si\/izdelek\/hidrofobna-tekocina-za-vetrobransko-steklo-visionguard\/"},"modified":"2025-10-23T13:07:38","modified_gmt":"2025-10-23T11:07:38","slug":"hidrofobna-tekocina-za-vetrobransko-steklo-visionguard","status":"publish","type":"product","link":"https:\/\/megapelican.com\/si\/izdelek\/hidrofobna-tekocina-za-vetrobransko-steklo-visionguard\/","title":{"rendered":"Hidrofobna teko\u010dina za vetrobransko steklo VisionGuard\u2122"},"content":{"rendered":"<div class=\"smania_landing_description_title\">NOVO! Vsestranska za\u0161\u010dita za va\u0161a stekla<\/div>\n<div class=\"smania_landing_description_txt\">Popolna vidljivost tudi v de\u017eju in megli!<\/div>\n<div class=\"smania_landing_description_subtitle\">Poskrbite za popolno vidljivost na cesti! VisionGuard\u2122 ustvari za\u0161\u010ditno plast na steklu, ki odbija de\u017e, umazanijo, prah, meglo in druge teko\u010dine. Je enostaven za nana\u0161anje, obstojen je ve\u010d tednov in je odporen do -25\u00b0C. Zagotovite si varnost v vo\u017enji \u0161e danes!<\/div>\n<div class=\"smania_landing_description_list\">\n<ul>\n<li>Omogo\u010da jasen pogled skozi steklo<\/li>\n<li>Ustvari dolgotrajno za\u0161\u010ditno plast<\/li>\n<li>U\u010dinkovito odbija vodo (de\u017e, meglo) in umazanijo<\/li>\n<li>Popoln za karoserijo in steklo<\/li>\n<li>Odporen na temperature do -25\u00b0C<\/li>\n<li>Varen in enostaven za uporabo, brez \u0161kodljivih kemikalij<\/li>\n<\/ul><\/div>\n","protected":false},"excerpt":{"rendered":"<p>Optimalna vidljivost v vseh pogojih|Pove\u010dana varnost med vo\u017enjo|Enostaven za uporabo: nanesite neposredno na steklo ali razred\u010dite v teko\u010dini za brisalce|Odporen na nizke temperature|Za\u0161\u010dita za okna in karoserijo, ki traja tedne|Odstrani trdovratne made\u017ee in povrne steklu sijaj|Ne dra\u017ei ko\u017ee|Odbija de\u017e, prah in umazanijo|Idealen za vse letne \u010dase|Volumen: 1 L \u2013 zadostuje za \u0161tevilne nanose<\/p>\n","protected":false},"featured_media":83281,"template":"","meta":{"_acf_changed":false},"product_cat":[18,1397],"product_tag":[1398,1400,679],"acf":[],"_links":{"self":[{"href":"https:\/\/megapelican.com\/si\/wp-json\/wp\/v2\/product\/83282"}],"collection":[{"href":"https:\/\/megapelican.com\/si\/wp-json\/wp\/v2\/product"}],"about":[{"href":"https:\/\/megapelican.com\/si\/wp-json\/wp\/v2\/types\/product"}],"wp:featuredmedia":[{"embeddable":true,"href":"https:\/\/megapelican.com\/si\/wp-json\/wp\/v2\/media\/83281"}],"wp:attachment":[{"href":"https:\/\/megapelican.com\/si\/wp-json\/wp\/v2\/media?parent=83282"}],"wp:term":[{"taxonomy":"product_cat","embeddable":true,"href":"https:\/\/megapelican.com\/si\/wp-json\/wp\/v2\/product_cat?post=83282"},{"taxonomy":"product_tag","embeddable":true,"href":"https:\/\/megapelican.com\/si\/wp-json\/wp\/v2\/product_tag?post=83282"}],"curies":[{"name":"wp","href":"https:\/\/api.w.org\/{rel}","templated":true}]}}