{"id":83231,"date":"2025-10-23T13:07:05","date_gmt":"2025-10-23T11:07:05","guid":{"rendered":"https:\/\/megapelican.com\/si\/izdelek\/fleksibilna-poliuretanska-tesnilna-masa-za-fugiranje-groutpro-1-kg\/"},"modified":"2025-10-23T21:15:08","modified_gmt":"2025-10-23T19:15:08","slug":"fleksibilna-poliuretanska-tesnilna-masa-za-fugiranje-groutpro-1-kg","status":"publish","type":"product","link":"https:\/\/megapelican.com\/si\/izdelek\/fleksibilna-poliuretanska-tesnilna-masa-za-fugiranje-groutpro-1-kg\/","title":{"rendered":"Fleksibilna poliuretanska tesnilna masa za fugiranje GroutPro\u2122 (1 kg)"},"content":{"rendered":"<div class=\"smania_landing_description_title\">Neverjetna inovacija! Popolna tesnilna masa za stene in fuge!<\/div>\n<div class=\"smania_landing_description_txt\">V nekaj minutah zlahka zatesnite razpoke s trajno in pro\u017eno tesnilno maso!<\/div>\n<div class=\"smania_landing_description_subtitle\">Pozabite na pu\u0161\u010danje in razpoke! Z na\u0161o tesnilno maso GroutPro\u2122 boste hitro re\u0161ili vse te\u017eave z razpokanimi stenami, fugami in pu\u0161\u010danjem. Ta revolucionarna poliuretanska polimerna tesnilna masa zagotavlja vodotesno za\u0161\u010dito in zanesljivost za ve\u010d let. Ne \u010dakajte, poskrbite, da bo va\u0161 dom odporen proti pu\u0161\u010danju!<\/div>\n<div class=\"smania_landing_description_list\">\n<ul>\n<li>Uporablja se za tesnjenje razpok in dilatacij<\/li>\n<li>Takoj\u0161nje in dolgotrajno tesnjenje<\/li>\n<li>Vodoodporna in odporna na vremenske vplive<\/li>\n<li>Enostavna za uporabo, ni potreben strokovnjak<\/li>\n<li>Primerna za uporabo v zaprtih prostorih in na prostem<\/li>\n<li>Zelo elasti\u010dna in trpe\u017ena<\/li>\n<\/ul><\/div>\n","protected":false},"excerpt":{"rendered":"<p>Odporna na ekstremne temperature|Odporna na pritiske, ne deformira in ne razpoka|Vodoodporna in odporna proti vlagi|Varna za uporabo na vseh povr\u0161inah|Za\u0161\u010dita pred vlago in plesnijo|Izjemno elasti\u010dna formula, ki ne stara|Nestrupena, brez vonja ter varna za ljudi in hi\u0161ne ljubljen\u010dke|Visoka u\u010dinkovitost in zanesljivost za dolgotrajna popravila|Odli\u010dna za profesionalno in doma\u010do uporabo|Idealna za popravila in prenove|Hitro strjevanje, brez kr\u010denja|Primerna za suho uporabo|Varna in ne\u0161kodljiva|Vsebina: 1 kg (zadostuje za 1 do 2 m2, odvisno od debeline sloja, \u0161irine in globine razpok)<\/p>\n","protected":false},"featured_media":84102,"template":"","meta":{"_acf_changed":false},"product_cat":[1397,1396],"product_tag":[1408],"acf":[],"_links":{"self":[{"href":"https:\/\/megapelican.com\/si\/wp-json\/wp\/v2\/product\/83231"}],"collection":[{"href":"https:\/\/megapelican.com\/si\/wp-json\/wp\/v2\/product"}],"about":[{"href":"https:\/\/megapelican.com\/si\/wp-json\/wp\/v2\/types\/product"}],"wp:featuredmedia":[{"embeddable":true,"href":"https:\/\/megapelican.com\/si\/wp-json\/wp\/v2\/media\/84102"}],"wp:attachment":[{"href":"https:\/\/megapelican.com\/si\/wp-json\/wp\/v2\/media?parent=83231"}],"wp:term":[{"taxonomy":"product_cat","embeddable":true,"href":"https:\/\/megapelican.com\/si\/wp-json\/wp\/v2\/product_cat?post=83231"},{"taxonomy":"product_tag","embeddable":true,"href":"https:\/\/megapelican.com\/si\/wp-json\/wp\/v2\/product_tag?post=83231"}],"curies":[{"name":"wp","href":"https:\/\/api.w.org\/{rel}","templated":true}]}}