{"id":83219,"date":"2025-10-23T13:06:50","date_gmt":"2025-10-23T11:06:50","guid":{"rendered":"https:\/\/megapelican.com\/si\/izdelek\/vodoodporni-butilni-trak-herculebind\/"},"modified":"2025-10-23T13:06:56","modified_gmt":"2025-10-23T11:06:56","slug":"vodoodporni-butilni-trak-herculebind","status":"publish","type":"product","link":"https:\/\/megapelican.com\/si\/izdelek\/vodoodporni-butilni-trak-herculebind\/","title":{"rendered":"Vodoodporni butilni trak HerculeBind\u2122"},"content":{"rendered":"<div class=\"smania_landing_description_title\">Nov in izjemno mo\u010dan! Za prave mojstre hi\u0161nih popravil!<\/div>\n<div class=\"smania_landing_description_txt\">Popravite in zatesnite vsako pu\u0161\u010danje!<\/div>\n<div class=\"smania_landing_description_subtitle\">Zbogom pu\u0161\u010danje in razpoke! Samolepilni trak HerculeBind\u2122 je najbolj\u0161a hitra in u\u010dinkovita re\u0161itev za vsako popravilo. Enostavno se pritrdi in takoj zatesni vsako povr\u0161ino, mokro ali suho, hladno ali toplo. Izberite varnost in vzdr\u017eljivost za vse nujne primere!<\/div>\n<div class=\"smania_landing_description_list\">\n<ul>\n<li>Izjemno mo\u010dan oprijem na vsaki povr\u0161ini<\/li>\n<li>Odporen na vodo in ekstremne razmere<\/li>\n<li>Takoj\u0161nje in trajno tesnjenje<\/li>\n<li>Primeren tudi za mokre povr\u0161ine<\/li>\n<li>Enostavna uporaba, hiter nanos<\/li>\n<li>Idealna velikost: 300 cm x 10 cm x 1,2 mm<\/li>\n<\/ul><\/div>\n","protected":false},"excerpt":{"rendered":"<p>Takoj popravi vsako pu\u0161\u010danje|Idealno za cevi in strehe|Primerno tudi za mokre povr\u0161ine|Popolnoma primeren za vse oblike in povr\u0161ine|Zatesni vodo, vlago, paro, jedke kemikalije in druga pu\u0161\u010danja|Takoj\u0161nje in varno tesnjenje|Primerno za razli\u010dna hi\u0161na popravila|Neverjetno trpe\u017een: odporen na visok tlak, vodo in ekstremne temperature|Material: aluminij in guma|Velikost: 300 cm x 10 cm x 1,2 mm<\/p>\n","protected":false},"featured_media":83218,"template":"","meta":{"_acf_changed":false},"product_cat":[16,222],"product_tag":[622],"acf":[],"_links":{"self":[{"href":"https:\/\/megapelican.com\/si\/wp-json\/wp\/v2\/product\/83219"}],"collection":[{"href":"https:\/\/megapelican.com\/si\/wp-json\/wp\/v2\/product"}],"about":[{"href":"https:\/\/megapelican.com\/si\/wp-json\/wp\/v2\/types\/product"}],"wp:featuredmedia":[{"embeddable":true,"href":"https:\/\/megapelican.com\/si\/wp-json\/wp\/v2\/media\/83218"}],"wp:attachment":[{"href":"https:\/\/megapelican.com\/si\/wp-json\/wp\/v2\/media?parent=83219"}],"wp:term":[{"taxonomy":"product_cat","embeddable":true,"href":"https:\/\/megapelican.com\/si\/wp-json\/wp\/v2\/product_cat?post=83219"},{"taxonomy":"product_tag","embeddable":true,"href":"https:\/\/megapelican.com\/si\/wp-json\/wp\/v2\/product_tag?post=83219"}],"curies":[{"name":"wp","href":"https:\/\/api.w.org\/{rel}","templated":true}]}}