{"id":83163,"date":"2025-10-23T13:06:23","date_gmt":"2025-10-23T11:06:23","guid":{"rendered":"https:\/\/megapelican.com\/si\/izdelek\/zmogljiv-vecnamenski-cistilni-prasek-powderwipe\/"},"modified":"2025-10-23T21:10:56","modified_gmt":"2025-10-23T19:10:56","slug":"zmogljiv-vecnamenski-cistilni-prasek-powderwipe","status":"publish","type":"product","link":"https:\/\/megapelican.com\/si\/izdelek\/zmogljiv-vecnamenski-cistilni-prasek-powderwipe\/","title":{"rendered":"Zmogljiv ve\u010dnamenski \u010distilni pra\u0161ek PowderWipe"},"content":{"rendered":"<div class=\"smania_landing_description_title\">Novost! Ve\u010dnamenski \u010distilni pra\u0161ek PowderWipe<\/div>\n<div class=\"smania_landing_description_txt\">S \u010distilnim pra\u0161kom PowderWipe bodo va\u0161a pe\u010dica, pipe, posoda in \u0161tedilnik ponovno zasijali!<\/div>\n<div class=\"smania_landing_description_subtitle\">Naveli\u010dani trdovratnih made\u017eev, ma\u0161\u010dob in za\u017egane umazanije? \u010cistilni pra\u0161ek PowderWipe u\u010dinkovito razgradi lepljive made\u017ee in va\u0161im kuhinjskim pripomo\u010dkom, posodi in drugim povr\u0161inam povrne sve\u017e, sijo\u010d videz \u2013 brez truda!<\/div>\n<div class=\"smania_landing_description_list\">\n<ul>\n<li>U\u010dinkovito odstranjuje trdovratne made\u017ee \u2013 ni\u010d ve\u010d neskon\u010dnega drgnjenja<\/li>\n<li>Primeren za vse vrste povr\u0161in: posoda, pulti, \u0161tedilnik in \u0161e ve\u010d!<\/li>\n<li>Ne\u017ena in varna formula brez \u0161kodljivih kemikalij<\/li>\n<li>Var\u010duje s \u010dasom \u2013 deluje hitro in u\u010dinkovito<\/li>\n<\/ul><\/div>\n","protected":false},"excerpt":{"rendered":"<p>Enostavno odstranjuje ve\u010d let staro ma\u0161\u010dobo iz pe\u010dice|Podalj\u0161a \u017eivljenjsko dobo va\u0161e posode za kuhanje|Varna uporaba na razli\u010dnih povr\u0161inah brez po\u0161kodb|Pakirano v vodoodporni embala\u017ei|Skrbno izdelana, nestrupena, nedra\u017ee\u010da in nejedka formula|Enostavna uporaba: vzemite \u010dajno \u017eli\u010dko pra\u0161ka, dodajte vodo, pustite delovati 10 minut, obri\u0161ite in sperite z vodo|Koli\u010dina: 200 g<\/p>\n","protected":false},"featured_media":84069,"template":"","meta":{"_acf_changed":false},"product_cat":[1397,1395,223],"product_tag":[1398],"acf":[],"_links":{"self":[{"href":"https:\/\/megapelican.com\/si\/wp-json\/wp\/v2\/product\/83163"}],"collection":[{"href":"https:\/\/megapelican.com\/si\/wp-json\/wp\/v2\/product"}],"about":[{"href":"https:\/\/megapelican.com\/si\/wp-json\/wp\/v2\/types\/product"}],"wp:featuredmedia":[{"embeddable":true,"href":"https:\/\/megapelican.com\/si\/wp-json\/wp\/v2\/media\/84069"}],"wp:attachment":[{"href":"https:\/\/megapelican.com\/si\/wp-json\/wp\/v2\/media?parent=83163"}],"wp:term":[{"taxonomy":"product_cat","embeddable":true,"href":"https:\/\/megapelican.com\/si\/wp-json\/wp\/v2\/product_cat?post=83163"},{"taxonomy":"product_tag","embeddable":true,"href":"https:\/\/megapelican.com\/si\/wp-json\/wp\/v2\/product_tag?post=83163"}],"curies":[{"name":"wp","href":"https:\/\/api.w.org\/{rel}","templated":true}]}}