{"id":83142,"date":"2025-10-23T13:06:17","date_gmt":"2025-10-23T11:06:17","guid":{"rendered":"https:\/\/megapelican.com\/si\/izdelek\/sredstvo-za-poliranje-zarometov-carlight-pro\/"},"modified":"2025-10-23T13:06:21","modified_gmt":"2025-10-23T11:06:21","slug":"sredstvo-za-poliranje-zarometov-carlight-pro","status":"publish","type":"product","link":"https:\/\/megapelican.com\/si\/izdelek\/sredstvo-za-poliranje-zarometov-carlight-pro\/","title":{"rendered":"Sredstvo za poliranje \u017earometov CarLight Pro"},"content":{"rendered":"<div class=\"smania_landing_description_title\">Novo! CarLight Pro: povrnite svojim \u017earometom njihov sijaj<\/div>\n<div class=\"smania_landing_description_txt\">Zagotovite si odli\u010dno vidljivost \u2013 brez zamenjave \u017earometov!<\/div>\n<div class=\"smania_landing_description_subtitle\">\u010ce so va\u0161i \u017earometi megleni in porumeneli, se lahko va\u0161a vidljivost na cesti pono\u010di zmanj\u0161a tudi do 80 %! Vendar to ne pomeni, da jih morate zamenjati. Uporabite izdelek CarLight Pro in obnovite sijaj svojih \u017earometov.<\/div>\n<div class=\"smania_landing_description_list\">\n<ul>\n<li>U\u010dinkovito odstranjuje porumenelost \u017earometov<\/li>\n<li>Obnovi prvotni sijaj \u017earometov<\/li>\n<li>Pove\u010da varnost s svetlej\u0161imi in vidnej\u0161imi lu\u010dmi<\/li>\n<li>Ohranja videz \u017earometov kot novih dlje \u010dasa<\/li>\n<\/ul><\/div>\n","protected":false},"excerpt":{"rendered":"<p>Prihrani stro\u0161ke zamenjave \u017earometov|Obnovi jasnost \u017earometov|Prepre\u010duje nadaljnje rumenenje \u017earometov|U\u010dinkovita formula za odstranjevanje rumenih made\u017eev|Primeren za vse vrste \u017earometov, ne glede na znamko ali model vozila|Enostavna uporaba: o\u010distite povr\u0161ino, enakomerno popr\u0161ite, razma\u017eite s krpo in po\u010dakajte, da se posu\u0161i|Volumen: 30 ml<\/p>\n","protected":false},"featured_media":83141,"template":"","meta":{"_acf_changed":false},"product_cat":[18,1397],"product_tag":[1398,1400,679],"acf":[],"_links":{"self":[{"href":"https:\/\/megapelican.com\/si\/wp-json\/wp\/v2\/product\/83142"}],"collection":[{"href":"https:\/\/megapelican.com\/si\/wp-json\/wp\/v2\/product"}],"about":[{"href":"https:\/\/megapelican.com\/si\/wp-json\/wp\/v2\/types\/product"}],"wp:featuredmedia":[{"embeddable":true,"href":"https:\/\/megapelican.com\/si\/wp-json\/wp\/v2\/media\/83141"}],"wp:attachment":[{"href":"https:\/\/megapelican.com\/si\/wp-json\/wp\/v2\/media?parent=83142"}],"wp:term":[{"taxonomy":"product_cat","embeddable":true,"href":"https:\/\/megapelican.com\/si\/wp-json\/wp\/v2\/product_cat?post=83142"},{"taxonomy":"product_tag","embeddable":true,"href":"https:\/\/megapelican.com\/si\/wp-json\/wp\/v2\/product_tag?post=83142"}],"curies":[{"name":"wp","href":"https:\/\/api.w.org\/{rel}","templated":true}]}}