{"id":83110,"date":"2025-10-23T13:06:06","date_gmt":"2025-10-23T11:06:06","guid":{"rendered":"https:\/\/megapelican.com\/si\/izdelek\/sredstvo-za-obnovo-notranjosti-avtomobila-ultra-shine\/"},"modified":"2025-10-23T13:06:09","modified_gmt":"2025-10-23T11:06:09","slug":"sredstvo-za-obnovo-notranjosti-avtomobila-ultra-shine","status":"publish","type":"product","link":"https:\/\/megapelican.com\/si\/izdelek\/sredstvo-za-obnovo-notranjosti-avtomobila-ultra-shine\/","title":{"rendered":"Sredstvo za obnovo notranjosti avtomobila Ultra Shine"},"content":{"rendered":"<div class=\"smania_landing_description_title\">NOVO! Ultra Shine \u2013 Povrnite sijaj svojemu avtomobilu in ga za\u0161\u010ditite za celo leto<\/div>\n<div class=\"smania_landing_description_txt\">Vrnite svojemu vozilu sijaj, ki si ga zaslu\u017ei<\/div>\n<div class=\"smania_landing_description_subtitle\">I\u0161\u010dete na\u010din, kako o\u017eiviti notranje in zunanje plasti\u010dne dele va\u0161ega avtomobila? Ultra Shine je idealna re\u0161itev za obnovo notranjosti in zunanjosti avtomobila. Ta u\u010dinkovito sredstvo bo povrnilo sijaj vsem plasti\u010dnim delom in jih za\u0161\u010ditilo pred zunanjimi vplivi. Ne glede na to, ali gre za notranje ali zunanje dele, bo Ultra Shine poskrbel, da bo va\u0161e vozilo videti kot novo.<\/div>\n<div class=\"smania_landing_description_list\">\n<ul>\n<li>Dolgotrajna za\u0161\u010dita: En nanos zagotovi sijaj in za\u0161\u010dito plasti\u010dnih delov va\u0161ega avtomobila za celo leto<\/li>\n<li>Univerzalna uporaba: Sredstvo lahko uporabite tako na notranjih kot na zunanjih plasti\u010dnih delih vozila<\/li>\n<li>Obnova sijaja: Povrne plasti\u010dnim povr\u0161inam prvotni sijaj in jih za\u0161\u010diti pred \u0161kodljivimi vplivi, kot sta oksidacija in UV sevanje<\/li>\n<li>Uporaba: Sredstvo preprosto nanesite na \u017eelene dele in hitro ter enostavno obnovite njihov videz<\/li>\n<\/ul><\/div>\n","protected":false},"excerpt":{"rendered":"<p>Hitra obnova: Hitro in u\u010dinkovito obnovi videz plasti\u010dnih delov avtomobila|Dolgotrajna za\u0161\u010dita: Za\u0161\u010diti plastiko pred staranjem, bledenjem in \u0161kodljivimi vplivi okolja do 12 mesecev|Univerzalna uporaba: Primerno za vse plasti\u010dne dele vozila, vklju\u010dno z notranjostjo in zunanjostjo|Enostavna uporaba: Preprosta aplikacija brez zapletenih postopkov|Volumen: 100 ml, dovolj za obdelavo celotnega vozila|Za\u0161\u010dita pred UV sevanjem: \u0160\u010diti plasti\u010dne dele pred \u0161kodljivimi u\u010dinki son\u010dnega sevanja|Primerno za notranje in zunanje dele: Idealno za uporabo v notranjosti in zunanjosti vozila|Varno za uporabo: Ne vsebuje \u0161kodljivih kemikalij in je prijazno do materialov<\/p>\n","protected":false},"featured_media":83109,"template":"","meta":{"_acf_changed":false},"product_cat":[18,1397],"product_tag":[679],"acf":[],"_links":{"self":[{"href":"https:\/\/megapelican.com\/si\/wp-json\/wp\/v2\/product\/83110"}],"collection":[{"href":"https:\/\/megapelican.com\/si\/wp-json\/wp\/v2\/product"}],"about":[{"href":"https:\/\/megapelican.com\/si\/wp-json\/wp\/v2\/types\/product"}],"wp:featuredmedia":[{"embeddable":true,"href":"https:\/\/megapelican.com\/si\/wp-json\/wp\/v2\/media\/83109"}],"wp:attachment":[{"href":"https:\/\/megapelican.com\/si\/wp-json\/wp\/v2\/media?parent=83110"}],"wp:term":[{"taxonomy":"product_cat","embeddable":true,"href":"https:\/\/megapelican.com\/si\/wp-json\/wp\/v2\/product_cat?post=83110"},{"taxonomy":"product_tag","embeddable":true,"href":"https:\/\/megapelican.com\/si\/wp-json\/wp\/v2\/product_tag?post=83110"}],"curies":[{"name":"wp","href":"https:\/\/api.w.org\/{rel}","templated":true}]}}