{"id":83075,"date":"2025-10-23T13:05:56","date_gmt":"2025-10-23T11:05:56","guid":{"rendered":"https:\/\/megapelican.com\/si\/izdelek\/odstranjevalec-prask-nano-polish\/"},"modified":"2026-04-06T14:34:55","modified_gmt":"2026-04-06T12:34:55","slug":"odstranjevalec-prask-nano-polish","status":"publish","type":"product","link":"https:\/\/megapelican.com\/si\/izdelek\/odstranjevalec-prask-nano-polish\/","title":{"rendered":"Odstranjevalec prask Nano Polish"},"content":{"rendered":"<div class=\"smania_landing_description_title\">NOVO! Nano Polish \u2013 Va\u0161 avto bo spet kot nov<\/div>\n<div class=\"smania_landing_description_txt\">Preprosto odstranjevanje prask s \u010dude\u017eno formulo<\/div>\n<div class=\"smania_landing_description_subtitle\">Ste opazili praske na va\u0161em avtomobilu, ki kvarijo njegov videz? Nano Polish je tu, da vam pomaga! Ta revolucionarni izdelek omogo\u010da, da sami odstranite praske in povrnete sijaj svojemu avtomobilu. Brez potrebe po dragih obiskih pri li\u010darju \u2013 preprosto nanesite Nano Polish in glejte, kako praske izginejo v nekaj sekundah.<\/div>\n<div class=\"smania_landing_description_list\">\n<ul>\n<li>Hitro odstranjevanje prask: Z Nano Polish odstranite praske v nekaj sekundah in povrnete sijaj va\u0161emu avtomobilu<\/li>\n<li>Enostavna uporaba: Brez zapletenih postopkov \u2013 preprosto nanesite in obri\u0161ite<\/li>\n<li>Dolgotrajna za\u0161\u010dita: Po odstranitvi prask va\u0161 avto za\u0161\u010diti pred novimi po\u0161kodbami<\/li>\n<li>Prihranek \u010dasa in denarja: Pozabite na draga popravila \u2013 Nano Polish je hitro in cenovno ugodno re\u0161itev<\/li>\n<li>Varno za va\u0161 avto: Brez \u0161kodljivih kemikalij, ki bi po\u0161kodovale karoserijo va\u0161ega vozila<\/li>\n<\/ul><\/div>\n","protected":false},"excerpt":{"rendered":"<p>Hitro delovanje: Praske so odstranjene v nekaj sekundah, va\u0161 avto pa ponovno zasije kot nov|Priro\u010dno in u\u010dinkovito: Idealna re\u0161itev, ko nimate \u010dasa ali sredstev za obisk pri li\u010darju|Dolgotrajna za\u0161\u010dita: Avto ne le obnovite, temve\u010d tudi za\u0161\u010ditite pred prihodnjimi po\u0161kodbami|Enostavna uporaba: Zasnovano za doma\u010do uporabo, brez potrebe po posebnem orodju|Volumen: 30 ml, dovolj za ve\u010d nanosov|Vsestranskost: Primeren za vse vrste avtomobilskih povr\u0161in|Ne\u0161kodljiv za okolje: Brez agresivnih kemikalij, varen za uporabo doma|Visoka u\u010dinkovitost: Zagotovljeni rezultati, ki vas ne bodo razo\u010darali<\/p>\n","protected":false},"featured_media":83074,"template":"","meta":{"_acf_changed":false},"product_cat":[18,1397],"product_tag":[1400,679],"acf":[],"_links":{"self":[{"href":"https:\/\/megapelican.com\/si\/wp-json\/wp\/v2\/product\/83075"}],"collection":[{"href":"https:\/\/megapelican.com\/si\/wp-json\/wp\/v2\/product"}],"about":[{"href":"https:\/\/megapelican.com\/si\/wp-json\/wp\/v2\/types\/product"}],"wp:featuredmedia":[{"embeddable":true,"href":"https:\/\/megapelican.com\/si\/wp-json\/wp\/v2\/media\/83074"}],"wp:attachment":[{"href":"https:\/\/megapelican.com\/si\/wp-json\/wp\/v2\/media?parent=83075"}],"wp:term":[{"taxonomy":"product_cat","embeddable":true,"href":"https:\/\/megapelican.com\/si\/wp-json\/wp\/v2\/product_cat?post=83075"},{"taxonomy":"product_tag","embeddable":true,"href":"https:\/\/megapelican.com\/si\/wp-json\/wp\/v2\/product_tag?post=83075"}],"curies":[{"name":"wp","href":"https:\/\/api.w.org\/{rel}","templated":true}]}}