{"id":83055,"date":"2025-10-23T13:05:51","date_gmt":"2025-10-23T11:05:51","guid":{"rendered":"https:\/\/megapelican.com\/si\/izdelek\/cistilo-in-hidrofobna-zascita-za-steklo-visiglass\/"},"modified":"2025-10-23T13:05:53","modified_gmt":"2025-10-23T11:05:53","slug":"cistilo-in-hidrofobna-zascita-za-steklo-visiglass","status":"publish","type":"product","link":"https:\/\/megapelican.com\/si\/izdelek\/cistilo-in-hidrofobna-zascita-za-steklo-visiglass\/","title":{"rendered":"\u010cistilo in hidrofobna za\u0161\u010dita za steklo Visiglass"},"content":{"rendered":"<div class=\"smania_landing_description_title\">NOVO! Visiglass \u2013 popolna prosojnost in za\u0161\u010dita za va\u0161a stekla<\/div>\n<div class=\"smania_landing_description_txt\">Izbolj\u0161ajte vidljivost in varnost na cesti<\/div>\n<div class=\"smania_landing_description_subtitle\">Se soo\u010date z oljnimi made\u017ei in nadle\u017enimi zvoki brisalcev na va\u0161ih steklih? Visiglass je inovativno \u010distilo, zasnovano za izbolj\u0161anje prosojnosti stekla, ki ne le u\u010dinkovito odstrani oljne made\u017ee in sledi brisalcev, temve\u010d tudi ustvarja za\u0161\u010ditni sloj, ki odbija vodo, de\u017e in vlago. Z Visiglass boste videli bolje, vozili varneje in ohranili steklo svojega avtomobila brezhibno.<\/div>\n<div class=\"smania_landing_description_list\">\n<ul>\n<li>Izjemna mo\u010d \u010di\u0161\u010denja: U\u010dinkovito odstranjuje oljne made\u017ee, nalepke in druge ne\u010disto\u010de s stekla<\/li>\n<li>Za\u0161\u010ditni sloj: Ustvari hidrofobno povr\u0161ino, ki odbija kapljice vode in prepre\u010duje nabiranje vlage<\/li>\n<li>Enostavna uporaba: Preprosto nanesite neposredno na steklo ali dodajte v teko\u010dino za brisalce<\/li>\n<li>Dolgotrajna za\u0161\u010dita: Prepre\u010duje ponovno pojavljanje made\u017eev in ohranja steklo \u010disto dlje \u010dasa<\/li>\n<li>Varno za steklo: Ne po\u0161koduje stekla, zagotavlja popolno \u010disto\u010do brez prask<\/li>\n<\/ul><\/div>\n","protected":false},"excerpt":{"rendered":"<p>Izbolj\u0161ana vidljivost: Omogo\u010da jasen pogled skozi steklo, tudi v de\u017eju|Dolgotrajna za\u0161\u010dita: Hidrofobni sloj odbija vodo in zmanj\u0161uje potrebo po brisanju|Ve\u010dnamenska uporaba: Uporabno na vseh steklenih povr\u0161inah, vklju\u010dno z avtomobilskimi stekli|Hitro delovanje: Takoj odstrani trdovratne made\u017ee in vra\u010da steklu sijaj|Volumen: 300 ml, dovolj za ve\u010d nanosov|Enostavna uporaba: Nanesite neposredno ali razred\u010dite v teko\u010dini za brisalce|Hidrofobna za\u0161\u010dita: Odbija vodo in vlago, ohranja steklo suho in \u010disto|Varno za steklo: Ne vsebuje \u0161kodljivih kemikalij, ki bi lahko po\u0161kodovale povr\u0161ino stekla<\/p>\n","protected":false},"featured_media":83054,"template":"","meta":{"_acf_changed":false},"product_cat":[18,1397],"product_tag":[1398,1400,679],"acf":[],"_links":{"self":[{"href":"https:\/\/megapelican.com\/si\/wp-json\/wp\/v2\/product\/83055"}],"collection":[{"href":"https:\/\/megapelican.com\/si\/wp-json\/wp\/v2\/product"}],"about":[{"href":"https:\/\/megapelican.com\/si\/wp-json\/wp\/v2\/types\/product"}],"wp:featuredmedia":[{"embeddable":true,"href":"https:\/\/megapelican.com\/si\/wp-json\/wp\/v2\/media\/83054"}],"wp:attachment":[{"href":"https:\/\/megapelican.com\/si\/wp-json\/wp\/v2\/media?parent=83055"}],"wp:term":[{"taxonomy":"product_cat","embeddable":true,"href":"https:\/\/megapelican.com\/si\/wp-json\/wp\/v2\/product_cat?post=83055"},{"taxonomy":"product_tag","embeddable":true,"href":"https:\/\/megapelican.com\/si\/wp-json\/wp\/v2\/product_tag?post=83055"}],"curies":[{"name":"wp","href":"https:\/\/api.w.org\/{rel}","templated":true}]}}