{"id":83003,"date":"2025-10-23T13:05:30","date_gmt":"2025-10-23T11:05:30","guid":{"rendered":"https:\/\/megapelican.com\/si\/izdelek\/vodoodporna-tesnilna-masa-leak-stop-clear-xl\/"},"modified":"2025-10-23T13:05:36","modified_gmt":"2025-10-23T11:05:36","slug":"vodoodporna-tesnilna-masa-leak-stop-clear-xl","status":"publish","type":"product","link":"https:\/\/megapelican.com\/si\/izdelek\/vodoodporna-tesnilna-masa-leak-stop-clear-xl\/","title":{"rendered":"Vodoodporna tesnilna masa Leak Stop Clear XL"},"content":{"rendered":"<div class=\"smania_landing_description_title\">NOVO! Popolna vodoodporna za\u0161\u010dita za vse povr\u0161ine<\/div>\n<div class=\"smania_landing_description_txt\">Popravite razpoke z enim enostavnim korakom<\/div>\n<div class=\"smania_landing_description_subtitle\">Inovativna, prosojna tesnilna masa omogo\u010da hitro popravilo razpok in lukenj ter za\u0161\u010dito pred vlago in rjo na razli\u010dnih kriti\u010dnih povr\u0161inah. Ne dovolite, da bi vlaga ali korozija po\u0161kodovali va\u0161e imetje \u2013 poskrbite za trajno za\u0161\u010dito.<\/div>\n<div class=\"smania_landing_description_list\">\n<ul>\n<li>Zagotavlja dolgotrajno za\u0161\u010dito pred vlago<\/li>\n<li>Se hitro su\u0161i in ostane fleksibilna<\/li>\n<li>Nevidna na ve\u010dini povr\u0161in<\/li>\n<li>Uporabna na razli\u010dnih materialih<\/li>\n<li>Primerna za uporabo kot tanek premaz in za zapolnitev manj\u0161ih razpok<\/li>\n<\/ul><\/div>\n","protected":false},"excerpt":{"rendered":"<p>Dolgotrajna za\u0161\u010dita pred vlago in rjo|Neviden nanos za estetski videz|Hitro su\u0161e\u010da in fleksibilna formula|Uporabno na notranjih in zunanjih povr\u0161inah|Prosojna barva za neviden nanos|Mo\u017enost uporabe na razli\u010dnih materialih, kot so kovina, beton, plastika, itd.|Prilagodljivost pri nana\u0161anju \u2013 lahko nanesete s \u010dopi\u010dem, valj\u010dkom, ali direktno vlijete|Odporna na ekstremne vremenske pogoje in UV \u017earke|Volumen: 300 ml, zadostuje za do 5 m\u00b2|OPOMBA: izdelek je po nanosu videti bel, po su\u0161enju pa postane prozoren<\/p>\n","protected":false},"featured_media":83002,"template":"","meta":{"_acf_changed":false},"product_cat":[16,1397],"product_tag":[1408,258],"acf":[],"_links":{"self":[{"href":"https:\/\/megapelican.com\/si\/wp-json\/wp\/v2\/product\/83003"}],"collection":[{"href":"https:\/\/megapelican.com\/si\/wp-json\/wp\/v2\/product"}],"about":[{"href":"https:\/\/megapelican.com\/si\/wp-json\/wp\/v2\/types\/product"}],"wp:featuredmedia":[{"embeddable":true,"href":"https:\/\/megapelican.com\/si\/wp-json\/wp\/v2\/media\/83002"}],"wp:attachment":[{"href":"https:\/\/megapelican.com\/si\/wp-json\/wp\/v2\/media?parent=83003"}],"wp:term":[{"taxonomy":"product_cat","embeddable":true,"href":"https:\/\/megapelican.com\/si\/wp-json\/wp\/v2\/product_cat?post=83003"},{"taxonomy":"product_tag","embeddable":true,"href":"https:\/\/megapelican.com\/si\/wp-json\/wp\/v2\/product_tag?post=83003"}],"curies":[{"name":"wp","href":"https:\/\/api.w.org\/{rel}","templated":true}]}}