{"id":82973,"date":"2025-10-23T13:05:19","date_gmt":"2025-10-23T11:05:19","guid":{"rendered":"https:\/\/megapelican.com\/si\/izdelek\/gnojilo-za-rastline-floravita\/"},"modified":"2025-10-23T20:58:16","modified_gmt":"2025-10-23T18:58:16","slug":"gnojilo-za-rastline-floravita","status":"publish","type":"product","link":"https:\/\/megapelican.com\/si\/izdelek\/gnojilo-za-rastline-floravita\/","title":{"rendered":"Gnojilo za rastline Floravita"},"content":{"rendered":"<div class=\"smania_landing_description_title\">NOVO! Floravita \u2013 prinesite \u017eivljenje svojim rastlinam<\/div>\n<div class=\"smania_landing_description_txt\">Revolucionarno gnojilo za mo\u010dnej\u0161e in bolj zdrave rastline<\/div>\n<div class=\"smania_landing_description_subtitle\">Si \u017eelite, da bi va\u0161e rastline rastle hitreje, bile bolj zdrave in cvetele kot \u0161e nikoli prej? Floravita je inovativno gnojilo, zasnovano s strani najbolj\u0161ih strokovnjakov, da va\u0161im rastlinam zagotovi vrhunsko nego in spodbuja hitrej\u0161o rast.<\/div>\n<div class=\"smania_landing_description_list\">\n<ul>\n<li>Pospe\u0161ena rast: Floravita omogo\u010da, da rastline rastejo do 2-krat hitreje kot z drugimi gnojili na trgu<\/li>\n<li>Izbolj\u0161ana absorpcija: Spodbuja korenine, da bolje absorbirajo vodo in hranila, kar pove\u010duje u\u010dinkovitost rasti<\/li>\n<li>Za\u0161\u010dita pred \u0161kodljivci: Ustvari naravno za\u0161\u010dito, ki odganja \u0161kodljivce in omogo\u010da rastlinam, da rastejo brez motenj<\/li>\n<li>Enostavna uporaba: Preprosto zme\u0161ajte priporo\u010deno dozo z vodo in nanesite okoli rastlin \u2013 brez kompliciranja<\/li>\n<li>Varno za okolje: Ne vsebuje \u0161kodljivih kemikalij ali sinteti\u010dnih dodatkov, ki bi lahko \u0161kodili okolju<\/li>\n<\/ul><\/div>\n","protected":false},"excerpt":{"rendered":"<p>Hitra in zdrava rast: Va\u0161e rastline bodo rastle hitreje, bile mo\u010dnej\u0161e in bolj odporne|Dolgotrajna za\u0161\u010dita: U\u010dinkovito odganja \u0161kodljivce in ohranja va\u0161e rastline varne|Primerno za vse rastline: Uporabno tako za notranje kot za zunanje rastline in cvetje|Ekolo\u0161ko: Formula brez \u0161kodljivih kemikalij, varna za okolje in va\u0161 dom|Volumen: 200 ml koncentrata za ve\u010dkratno uporabo|Preprosta uporaba: Zme\u0161ajte z vodo in nanesite na tla okoli rastlin|Primerno za notranje in zunanje rastline: Idealno za vsak vrtnarski projekt|Vrhunska nega: Formula, ki poskrbi, da bodo va\u0161e rastline sijale v vsem svojem sijaju<\/p>\n","protected":false},"featured_media":83994,"template":"","meta":{"_acf_changed":false},"product_cat":[1395,1396],"product_tag":[258],"acf":[],"_links":{"self":[{"href":"https:\/\/megapelican.com\/si\/wp-json\/wp\/v2\/product\/82973"}],"collection":[{"href":"https:\/\/megapelican.com\/si\/wp-json\/wp\/v2\/product"}],"about":[{"href":"https:\/\/megapelican.com\/si\/wp-json\/wp\/v2\/types\/product"}],"wp:featuredmedia":[{"embeddable":true,"href":"https:\/\/megapelican.com\/si\/wp-json\/wp\/v2\/media\/83994"}],"wp:attachment":[{"href":"https:\/\/megapelican.com\/si\/wp-json\/wp\/v2\/media?parent=82973"}],"wp:term":[{"taxonomy":"product_cat","embeddable":true,"href":"https:\/\/megapelican.com\/si\/wp-json\/wp\/v2\/product_cat?post=82973"},{"taxonomy":"product_tag","embeddable":true,"href":"https:\/\/megapelican.com\/si\/wp-json\/wp\/v2\/product_tag?post=82973"}],"curies":[{"name":"wp","href":"https:\/\/api.w.org\/{rel}","templated":true}]}}