{"id":82884,"date":"2025-10-23T13:04:41","date_gmt":"2025-10-23T11:04:41","guid":{"rendered":"https:\/\/megapelican.com\/si\/?post_type=product&#038;p=82884"},"modified":"2025-10-23T13:05:02","modified_gmt":"2025-10-23T11:05:02","slug":"playfort-otroska-ograja-za-igro-180-x-150-cm","status":"publish","type":"product","link":"https:\/\/megapelican.com\/si\/izdelek\/playfort-otroska-ograja-za-igro-180-x-150-cm\/","title":{"rendered":"PlayFort\u2122 otro\u0161ka ograja za igro &#8211; 180 x 150 cm"},"content":{"rendered":"<div class=\"smania_landing_description_title\"> NOVO: Varna igra in raziskovanje <\/div>\n<div class=\"smania_landing_description_txt\"> Ustvarite \u010dudovito igri\u0161\u010de za veselje in razvoj svojih otrok! <\/div>\n<div class=\"smania_landing_description_subtitle\"> Vzdr\u017eljivo in stabilno igri\u0161\u010de za otroke do 3. leta starosti!<\/div>\n<div class=\"smania_landing_description_list\">\n<ul>\n<li>Odli\u010dno igri\u0161\u010de za razvoj otrok<\/li>\n<li>Hitra 30-minutna monta\u017ea brez orodja<\/li>\n<li>Kompaktno prileganje za vsak prostor, povr\u0161ina 2,7 m\u00b2<\/li>\n<li>\u017divahen dizajn spodbuja ustvarjalnost<\/li>\n<li>Varni, nestrupeni materiali<\/li>\n<li>Vgrajena za\u0161\u010dita pred trki<\/li>\n<\/ul><\/div>\n","protected":false},"excerpt":{"rendered":"<p>Enostavna prenosljivost s prenosno torbo|Mo\u010dan okvir iz nerjave\u010dega jekla|Ne vsebuje BPA in je okolju prijazen|Varno obogati otrokovo raziskovanje|Barvne razli\u010dice: siva ali be\u017e|Dimenzije: 180 x 150 x 65 cm|Pokritost: 2,7m\u00b2|Te\u017ea: 5 kg|Materiali: PP, bomba\u017e, jeklo|Dimenzije embala\u017ee: 1,5 kg: 90 x 28,5 x 20 cm<\/p>\n","protected":false},"featured_media":82911,"template":"","meta":{"_acf_changed":false},"product_cat":[16,17],"product_tag":[473,256],"acf":[],"_links":{"self":[{"href":"https:\/\/megapelican.com\/si\/wp-json\/wp\/v2\/product\/82884"}],"collection":[{"href":"https:\/\/megapelican.com\/si\/wp-json\/wp\/v2\/product"}],"about":[{"href":"https:\/\/megapelican.com\/si\/wp-json\/wp\/v2\/types\/product"}],"wp:featuredmedia":[{"embeddable":true,"href":"https:\/\/megapelican.com\/si\/wp-json\/wp\/v2\/media\/82911"}],"wp:attachment":[{"href":"https:\/\/megapelican.com\/si\/wp-json\/wp\/v2\/media?parent=82884"}],"wp:term":[{"taxonomy":"product_cat","embeddable":true,"href":"https:\/\/megapelican.com\/si\/wp-json\/wp\/v2\/product_cat?post=82884"},{"taxonomy":"product_tag","embeddable":true,"href":"https:\/\/megapelican.com\/si\/wp-json\/wp\/v2\/product_tag?post=82884"}],"curies":[{"name":"wp","href":"https:\/\/api.w.org\/{rel}","templated":true}]}}