{"id":82834,"date":"2025-10-23T13:04:15","date_gmt":"2025-10-23T11:04:15","guid":{"rendered":"https:\/\/megapelican.com\/si\/?post_type=product&#038;p=82834"},"modified":"2025-10-23T20:34:49","modified_gmt":"2025-10-23T18:34:49","slug":"woodypanel-stenska-nalepka-z-imitacijo-lesenih-panelov-10-m-x-60-cm-6-m%c2%b2","status":"publish","type":"product","link":"https:\/\/megapelican.com\/si\/izdelek\/woodypanel-stenska-nalepka-z-imitacijo-lesenih-panelov-10-m-x-60-cm-6-m%c2%b2\/","title":{"rendered":"WoodyPanel\u2122 oja\u010dana samolepilna stenska obloga &#8211; 10m rola (6m\u00b2)"},"content":{"rendered":"<div class=\"smania_landing_description_title\">NOVO, Razko\u0161na skandinavska notranja oprema<\/div>\n<div class=\"smania_landing_description_txt\">Z na\u0161imi oja\u010danimi samolepilnimi stenskimi oblogami vnesite v svoj dom ali pisarno razko\u0161en pridih narave!<\/div>\n<div class=\"smania_landing_description_subtitle\"> Recite ne poceni stenskim nalepkam! Izbolj\u0161ajte svoj dom s samolepilnimi plo\u0161\u010dami z realisti\u010dnim dizajnom hrastovega lesa &#8211; ekonomi\u010dna alternativa viralnim akusti\u010dnim lesenim stenskim plo\u0161\u010dam!<\/div>\n<div class=\"smania_landing_description_list\">\n<ul>\n<li>Debel in oja\u010dan ve\u010dplastni material<\/li>\n<li>Razko\u0161na dekoracija za dom ali pisarno<\/li>\n<li>Vodoodporen, odporen na praske, odporen na trganje<\/li>\n<li>Enostavna namestitev, te\u017eko se deformira<\/li>\n<li>Realisti\u010dni vzorci hrasta<\/li>\n<li>Za stene in strope<\/li>\n<li>Enostavno \u010di\u0161\u010denje in vzdr\u017eevanje<\/li>\n<\/ul><\/div>\n","protected":false},"excerpt":{"rendered":"<p>Enostaven postopek namestitve|Enostavno rezanje in oblikovanje|Realisti\u010den videz hrasta|Ekonomi\u010dno preoblikovanje notranjosti|Dimenzije: 1000 x 60 cm|Material: premium SXP|Pokritost: 6 m\u00b2|Debelina: 1,5 mm|Lastnosti: vodoodporen, antibakterijski, odporen na praske, odporen na vro\u010dino|4 vzorci: oljen hrast, svetel hrast, dimljen hrast, siv hrast<\/p>\n","protected":false},"featured_media":83833,"template":"","meta":{"_acf_changed":false},"product_cat":[1395],"product_tag":[255],"acf":[],"_links":{"self":[{"href":"https:\/\/megapelican.com\/si\/wp-json\/wp\/v2\/product\/82834"}],"collection":[{"href":"https:\/\/megapelican.com\/si\/wp-json\/wp\/v2\/product"}],"about":[{"href":"https:\/\/megapelican.com\/si\/wp-json\/wp\/v2\/types\/product"}],"wp:featuredmedia":[{"embeddable":true,"href":"https:\/\/megapelican.com\/si\/wp-json\/wp\/v2\/media\/83833"}],"wp:attachment":[{"href":"https:\/\/megapelican.com\/si\/wp-json\/wp\/v2\/media?parent=82834"}],"wp:term":[{"taxonomy":"product_cat","embeddable":true,"href":"https:\/\/megapelican.com\/si\/wp-json\/wp\/v2\/product_cat?post=82834"},{"taxonomy":"product_tag","embeddable":true,"href":"https:\/\/megapelican.com\/si\/wp-json\/wp\/v2\/product_tag?post=82834"}],"curies":[{"name":"wp","href":"https:\/\/api.w.org\/{rel}","templated":true}]}}