{"id":82780,"date":"2025-10-23T13:03:49","date_gmt":"2025-10-23T11:03:49","guid":{"rendered":"https:\/\/megapelican.com\/si\/?post_type=product&#038;p=82780"},"modified":"2025-10-23T20:32:39","modified_gmt":"2025-10-23T18:32:39","slug":"bechair-zlozljiv-oblazinjen-plazni-naslon","status":"publish","type":"product","link":"https:\/\/megapelican.com\/si\/izdelek\/bechair-zlozljiv-oblazinjen-plazni-naslon\/","title":{"rendered":"BECHAIR\u2122 zlo\u017eljiv oblazinjen pla\u017eni naslon"},"content":{"rendered":"<div class=\"smania_landing_description_title\">NOVO, vrhunsko udobje in sprostitev na vseh vrstah pla\u017e<\/div>\n<div class=\"smania_landing_description_txt\">Lezite ali sedite udobno, medtem ko se spro\u0161\u010date na pla\u017ei!<\/div>\n<div class=\"smania_landing_description_subtitle\">  Ve\u010d prilagodljivih polo\u017eajev z ekstra udobno blazino, popolno za vse vrste pla\u017enih povr\u0161in!  <\/div>\n<div class=\"smania_landing_description_list\">\n<ul>\n<li>Zlo\u017eljiv dizajn, nastavljiv v 5 udobnih polo\u017eajih<\/li>\n<li>Debela in udobna blazina, idealna za neravno povr\u0161ino<\/li>\n<li>Trdna, oja\u010dana podlaga za dodatno obremenitev<\/li>\n<li>Odstranljiva, pralna, vodoodporna prevleka<\/li>\n<li>Z 2 stranskima \u017eepkoma za pla\u017ene potreb\u0161\u010dine<\/li>\n<li>Lahka in enostavna za prena\u0161anje<\/li>\n<\/ul><\/div>\n","protected":false},"excerpt":{"rendered":"<p>Nahrbtnik-prenos za enostaven transport|Tkanina se hitro posu\u0161i \u2013 brez skrbi|Dva priro\u010dna stranska \u017eepa za potreb\u0161\u010dine|Podpira te\u017eo do 125 kg|Barva: modra \/ roza|Material: nerjave\u010de jeklo, poliester 600D, pena|Te\u017ea: 4 kg|Nosilnost: 125 kg|Zlo\u017eene dimenzije: 55 \u00d7 45 \u00d7 15 cm|Raz\u0161irjene dimenzije: 102 \u00d7 45 \u00d7 7 cm|Nastavljeni koti: 15\u00b0, 30\u00b0, 45\u00b0, 60\u00b0, 75\u00b0<\/p>\n","protected":false},"featured_media":83819,"template":"","meta":{"_acf_changed":false},"product_cat":[21,1396],"product_tag":[1428,314],"acf":[],"_links":{"self":[{"href":"https:\/\/megapelican.com\/si\/wp-json\/wp\/v2\/product\/82780"}],"collection":[{"href":"https:\/\/megapelican.com\/si\/wp-json\/wp\/v2\/product"}],"about":[{"href":"https:\/\/megapelican.com\/si\/wp-json\/wp\/v2\/types\/product"}],"wp:featuredmedia":[{"embeddable":true,"href":"https:\/\/megapelican.com\/si\/wp-json\/wp\/v2\/media\/83819"}],"wp:attachment":[{"href":"https:\/\/megapelican.com\/si\/wp-json\/wp\/v2\/media?parent=82780"}],"wp:term":[{"taxonomy":"product_cat","embeddable":true,"href":"https:\/\/megapelican.com\/si\/wp-json\/wp\/v2\/product_cat?post=82780"},{"taxonomy":"product_tag","embeddable":true,"href":"https:\/\/megapelican.com\/si\/wp-json\/wp\/v2\/product_tag?post=82780"}],"curies":[{"name":"wp","href":"https:\/\/api.w.org\/{rel}","templated":true}]}}