{"id":82779,"date":"2025-10-23T13:03:49","date_gmt":"2025-10-23T11:03:49","guid":{"rendered":"https:\/\/megapelican.com\/si\/?post_type=product&#038;p=82779"},"modified":"2026-03-21T07:26:51","modified_gmt":"2026-03-21T06:26:51","slug":"granitepox-epoksi-barva-za-imitacijo-granita-1-kg","status":"publish","type":"product","link":"https:\/\/megapelican.com\/si\/izdelek\/granitepox-epoksi-barva-za-imitacijo-granita-1-kg\/","title":{"rendered":"GRANITEPOX\u2122 epoksi barva za imitacijo granita (1 kg)"},"content":{"rendered":"<div class=\"smania_landing_description_title\">NOVO: Obogatite svoj dom s sanjskimi granitnimi tlemi<\/div>\n<div class=\"smania_landing_description_txt\">Revolucionarno spremenite svoje prostore s trajnimi in inovativnimi epoksidnimi tlemi!<\/div>\n<div class=\"smania_landing_description_subtitle\">Odkrijte GRANITEPOX\u2122, epoksidno barvo, ki vsako povr\u0161ino spremeni v umetni\u0161ko delo. Od betona do lesa, z lahkoto in slogom vnesite razko\u0161je granita v svoj dom. Lepa, vodoodporna, trpe\u017ena in nedrse\u010da \u2013 pokriva vse va\u0161e potrebe v zvezi s talnimi oblogami. Zakaj bi se zadovoljili z manj?<\/div>\n<div class=\"smania_landing_description_list\">\n<ul>\n<li>Posnema eleganco pravega granita<\/li>\n<li>Odporna na razpoke, praske, visoke in nizke temperature<\/li>\n<li>Ble\u0161\u010de\u010da, nedrse\u010da povr\u0161ina<\/li>\n<li>Idealna za notranjo in zunanjo uporabo<\/li>\n<li>Vsestranska: lahko se uporablja na razli\u010dnih materialih<\/li>\n<li>Enostavna za nana\u0161anje in hitro su\u0161enje<\/li>\n<\/ul><\/div>\n","protected":false},"excerpt":{"rendered":"<p>Razko\u0161en videz|Pove\u010da estetsko vrednost prostorov|Enostavna za \u010di\u0161\u010denje in vzdr\u017eevanje|Hiter in enostaven nanos|Trajna in prakti\u010dno neuni\u010dljiva|Lahko se nana\u0161a na beton, plo\u0161\u010dice, plastiko ali celo lesene povr\u0161ine|Odporna na ekstremne temperature|Vsebina: 1 kg (vklju\u010dno s trdilcem)|Pokrivnost: pribl. 1,3\u20131,5 kg\/m2|1 kg izdelka pokriva cca 0,65\u20130,75 m2|Barve: temno in svetlo siva, svetlo be\u017e, \u010drna|Dvokomponentni izdelek<\/p>\n","protected":false},"featured_media":83850,"template":"","meta":{"_acf_changed":false},"product_cat":[1397,1396],"product_tag":[1407,1408],"acf":[],"_links":{"self":[{"href":"https:\/\/megapelican.com\/si\/wp-json\/wp\/v2\/product\/82779"}],"collection":[{"href":"https:\/\/megapelican.com\/si\/wp-json\/wp\/v2\/product"}],"about":[{"href":"https:\/\/megapelican.com\/si\/wp-json\/wp\/v2\/types\/product"}],"wp:featuredmedia":[{"embeddable":true,"href":"https:\/\/megapelican.com\/si\/wp-json\/wp\/v2\/media\/83850"}],"wp:attachment":[{"href":"https:\/\/megapelican.com\/si\/wp-json\/wp\/v2\/media?parent=82779"}],"wp:term":[{"taxonomy":"product_cat","embeddable":true,"href":"https:\/\/megapelican.com\/si\/wp-json\/wp\/v2\/product_cat?post=82779"},{"taxonomy":"product_tag","embeddable":true,"href":"https:\/\/megapelican.com\/si\/wp-json\/wp\/v2\/product_tag?post=82779"}],"curies":[{"name":"wp","href":"https:\/\/api.w.org\/{rel}","templated":true}]}}