{"id":82370,"date":"2025-09-24T06:36:53","date_gmt":"2025-09-24T04:36:53","guid":{"rendered":"https:\/\/megapelican.com\/si\/izdelek\/stickaway-sprej-za-odstranjevanje-nalepk\/"},"modified":"2025-10-23T21:35:04","modified_gmt":"2025-10-23T19:35:04","slug":"stickaway-sprej-za-odstranjevanje-nalepk","status":"publish","type":"product","link":"https:\/\/megapelican.com\/si\/izdelek\/stickaway-sprej-za-odstranjevanje-nalepk\/","title":{"rendered":"StickAway Sprej za odstranjevanje nalepk"},"content":{"rendered":"<div class=\"smania_landing_description_title\">NOVO! Magi\u010dni odstranjevalec ostankov nalepk<\/div>\n<div class=\"smania_landing_description_txt\">Razpr\u0161ite, odlepite in nalepke ni ve\u010d!<\/div>\n<div class=\"smania_landing_description_subtitle\">Ta sprej za odstranjevanje nalepk je hitro delujo\u010da re\u0161itev za odstranjevanje trdovratnih nalepk, etiket in ostankov lepila z razli\u010dnih povr\u0161in, vklju\u010dno z vetrobranskimi stekli, odbija\u010di, napravami in kuhinjskimi pripomo\u010dki. Njegova posebna formula prodre v lepilne vezi, tako da je odstranjevanje enostavno, povr\u0161ine pa ostanejo \u010diste in nepo\u0161kodovane. Je nestrupen in ne vsebuje ostrih kemikalij, zato je varen za barvo, vinil in tkanine ter idealen tako za doma\u010do uporabo kot za popravila karoserij. Preprosto popr\u0161ite, po\u010dakajte nekaj minut in zlahka odlepite &#8211; kot nala\u0161\u010d za brezskrbno \u010di\u0161\u010denje nalepk.<\/div>\n<div class=\"smania_landing_description_list\">\n<ul>\n<li>Mo\u010dno delovanje topila: Me\u0161anica neabrazivnih topil hitro raztaplja ostanke lepila, zato je idealno topilo za reaktivna lepila, kot so epoksidi, uretani in silikoni<\/li>\n<li>Vsestranski in enostaven za uporabo: S formulo za brisanje in brisanje je pripravljeno za uporabo brez me\u0161anja<\/li>\n<li>Industrijsko \u010di\u0161\u010denje: \u010cistilo za lepila, oblikovano za intenzivno uporabo, ne odstranjuje le trdovratnih ostankov, temve\u010d tudi obnavlja videz povr\u0161ine<\/li>\n<li>Varen in u\u010dinkovit: Zagotavlja varnost za \u0161irok spekter povr\u0161in, varen je za lakirane povr\u0161ine, vinil, tkanine in drugo<\/li>\n<li>Popolna zdru\u017eljivost povr\u0161in: Re\u0161itev za odstranjevanje lepila &#8220;vse v enem&#8221; zagotavlja, da povr\u0161ine predmetov niso po\u0161kodovane<\/li>\n<li>Nestrupeno in nejedko: Ne vsebuje kloriranih topil in benzena<\/li>\n<\/ul><\/div>\n","protected":false},"excerpt":{"rendered":"<p>Hitro in enostavno raztaplja etikete, nalepke in ostanke lepila|Nestrupena in nejedka formula, varna za uporabo na razli\u010dnih povr\u0161inah|Odporen na ostanke lepila, vendar ne\u017een do barve, plastike, vinila in tkanin|Enostavna uporaba: razpr\u0161ite, pustite delovati nekaj minut in odlepite|Prostornina: 450 ml|Rok trajanja: 3 leta<\/p>\n","protected":false},"featured_media":84259,"template":"","meta":{"_acf_changed":false},"product_cat":[1397,1395],"product_tag":[1398],"acf":[],"_links":{"self":[{"href":"https:\/\/megapelican.com\/si\/wp-json\/wp\/v2\/product\/82370"}],"collection":[{"href":"https:\/\/megapelican.com\/si\/wp-json\/wp\/v2\/product"}],"about":[{"href":"https:\/\/megapelican.com\/si\/wp-json\/wp\/v2\/types\/product"}],"wp:featuredmedia":[{"embeddable":true,"href":"https:\/\/megapelican.com\/si\/wp-json\/wp\/v2\/media\/84259"}],"wp:attachment":[{"href":"https:\/\/megapelican.com\/si\/wp-json\/wp\/v2\/media?parent=82370"}],"wp:term":[{"taxonomy":"product_cat","embeddable":true,"href":"https:\/\/megapelican.com\/si\/wp-json\/wp\/v2\/product_cat?post=82370"},{"taxonomy":"product_tag","embeddable":true,"href":"https:\/\/megapelican.com\/si\/wp-json\/wp\/v2\/product_tag?post=82370"}],"curies":[{"name":"wp","href":"https:\/\/api.w.org\/{rel}","templated":true}]}}