{"id":82317,"date":"2025-09-23T13:32:22","date_gmt":"2025-09-23T11:32:22","guid":{"rendered":"https:\/\/megapelican.com\/si\/izdelek\/storelux-luksuzna-odlagalna-polica-za-prostore-med-pohistvom-4-nivoji\/"},"modified":"2025-10-23T21:49:14","modified_gmt":"2025-10-23T19:49:14","slug":"storelux-luksuzna-odlagalna-polica-za-prostore-med-pohistvom-4-nivoji","status":"publish","type":"product","link":"https:\/\/megapelican.com\/si\/izdelek\/storelux-luksuzna-odlagalna-polica-za-prostore-med-pohistvom-4-nivoji\/","title":{"rendered":"StoreLux\u2122 luksuzna odlagalna polica za prostore med pohi\u0161tvom &#8211; 4 nivoji"},"content":{"rendered":"<div class=\"smania_landing_description_title\">NOVO: obnovite prostor za kav\u010d v svojem domu!<\/div>\n<div class=\"smania_landing_description_txt\">Re\u0161ite problem pomanjkanja prostora v svojem domu!<\/div>\n<div class=\"smania_landing_description_subtitle\">Ta neverjeten kos pohi\u0161tva je zasnovan tako, da ga lahko namestite kamor koli, od kopalnice do dnevne sobe, in tako podvojite prostor, ki ga imate na voljo!<\/div>\n<div class=\"smania_landing_description_list\">\n<ul>\n<li>Odli\u010dno za ozke prostore<\/li>\n<li>Veliko prostora za ve\u010dje predmete (4 ravni)<\/li>\n<li>Elegantna zasnova, ki se ujema z vsakim slogom<\/li>\n<li>Trpe\u017een, vzdr\u017eljiv in vodoodporen material<\/li>\n<li>Idealno za higienske izdelke<\/li>\n<\/ul><\/div>\n","protected":false},"excerpt":{"rendered":"<p>Prihranite \u010das z bolj\u0161o organizacijo|Prakti\u010dno dr\u017ealo za rob\u010dke|Optimizira uporabne povr\u0161ine|Primerno za kopalnico in dnevno sobo|Enostavno odstranljivi predali|Robusten, trpe\u017een in vodoodporen material|Dimenzije: 78 x 41 x 18 cm|Nosilnost do 60 kg|\u0160tevilo polic: 4|Opremljena s kolesi<\/p>\n","protected":false},"featured_media":84436,"template":"","meta":{"_acf_changed":false},"product_cat":[1395],"product_tag":[306,1399],"acf":[],"_links":{"self":[{"href":"https:\/\/megapelican.com\/si\/wp-json\/wp\/v2\/product\/82317"}],"collection":[{"href":"https:\/\/megapelican.com\/si\/wp-json\/wp\/v2\/product"}],"about":[{"href":"https:\/\/megapelican.com\/si\/wp-json\/wp\/v2\/types\/product"}],"wp:featuredmedia":[{"embeddable":true,"href":"https:\/\/megapelican.com\/si\/wp-json\/wp\/v2\/media\/84436"}],"wp:attachment":[{"href":"https:\/\/megapelican.com\/si\/wp-json\/wp\/v2\/media?parent=82317"}],"wp:term":[{"taxonomy":"product_cat","embeddable":true,"href":"https:\/\/megapelican.com\/si\/wp-json\/wp\/v2\/product_cat?post=82317"},{"taxonomy":"product_tag","embeddable":true,"href":"https:\/\/megapelican.com\/si\/wp-json\/wp\/v2\/product_tag?post=82317"}],"curies":[{"name":"wp","href":"https:\/\/api.w.org\/{rel}","templated":true}]}}