{"id":68194,"date":"2023-10-09T07:42:50","date_gmt":"2023-10-09T05:42:50","guid":{"rendered":"https:\/\/s-mania.si\/izdelek\/otroska-flis-odeja-z-rokavi-snughug\/"},"modified":"2024-12-14T23:08:23","modified_gmt":"2024-12-14T22:08:23","slug":"otroska-flis-odeja-z-rokavi-snughug","status":"publish","type":"product","link":"https:\/\/megapelican.com\/si\/izdelek\/otroska-flis-odeja-z-rokavi-snughug\/","title":{"rendered":"Otro\u0161ka flis odeja z rokavi SnugHug"},"content":{"rendered":"<div class=\"smania_landing_description_title\">Novo! Otro\u0161ka flis odeja z rokavi SnugHug<\/div>\n<div class=\"smania_landing_description_txt\">SnugHug je tu: zabava in prijetno udobje za otroke!<\/div>\n<div class=\"smania_landing_description_subtitle\">Predstavljamo otro\u0161ko flis odejo z rokavi SnugHug \u2013 popolno kombinacijo toplote in igrivosti. Odeja, narejena iz visokokakovostnega flisa z izjemno toplo in mehko podlogo, poskrbi, da so tvoji mal\u010dki zadovoljni in jim je prijetno, ne glede na to, ali se igrajo v hi\u0161i ali u\u017eivajo v pustolov\u0161\u010dinah na prostem.<\/div>\n<div class=\"smania_landing_description_list\">\n<ul>\n<li>Narejena iz vrhunskega, toplega flisa<\/li>\n<li>Izjemno topla in mehka podloga<\/li>\n<li>Kapuca in rokavi za toploto celega telesa<\/li>\n<li>Na voljo v 5 razli\u010dnih vzorcih<\/li>\n<li>Za notranjo in zunanjo uporabo<\/li>\n<\/ul><\/div>\n","protected":false},"excerpt":{"rendered":"<p>Igriv dizajn|Neverjetno topla|Kakovostna izdelava|Izjemno udobje|Dolo\u010deni modeli se svetijo v temi|Material: 100 % poliestrska vlakna|Za fante in dekleta|Univerzalna velikost, primerna za otroke do 12. leta (vi\u0161ina pod 155 cm)|Odli\u010dno darilo<\/p>\n","protected":false},"featured_media":68594,"template":"","meta":{"_acf_changed":false},"product_cat":[834,873,1127,21,1269],"product_tag":[315,1131],"acf":[],"_links":{"self":[{"href":"https:\/\/megapelican.com\/si\/wp-json\/wp\/v2\/product\/68194"}],"collection":[{"href":"https:\/\/megapelican.com\/si\/wp-json\/wp\/v2\/product"}],"about":[{"href":"https:\/\/megapelican.com\/si\/wp-json\/wp\/v2\/types\/product"}],"wp:featuredmedia":[{"embeddable":true,"href":"https:\/\/megapelican.com\/si\/wp-json\/wp\/v2\/media\/68594"}],"wp:attachment":[{"href":"https:\/\/megapelican.com\/si\/wp-json\/wp\/v2\/media?parent=68194"}],"wp:term":[{"taxonomy":"product_cat","embeddable":true,"href":"https:\/\/megapelican.com\/si\/wp-json\/wp\/v2\/product_cat?post=68194"},{"taxonomy":"product_tag","embeddable":true,"href":"https:\/\/megapelican.com\/si\/wp-json\/wp\/v2\/product_tag?post=68194"}],"curies":[{"name":"wp","href":"https:\/\/api.w.org\/{rel}","templated":true}]}}