{"id":60256,"date":"2023-06-05T08:55:00","date_gmt":"2023-06-05T06:55:00","guid":{"rendered":"https:\/\/s-mania.si\/izdelek\/moska-usnjena-torbica-freddie\/"},"modified":"2024-03-11T14:32:03","modified_gmt":"2024-03-11T13:32:03","slug":"moska-usnjena-torbica-freddie","status":"publish","type":"product","link":"https:\/\/megapelican.com\/si\/izdelek\/moska-usnjena-torbica-freddie\/","title":{"rendered":"Mo\u0161ka torbica Freddie"},"content":{"rendered":"<div class=\"smania_landing_description_title\">NOVO! Mo\u0161ka torbica Freddie<\/div>\n<div class=\"smania_landing_description_txt\">Vedno pripravljeni na izziv z usnjeno torbico Freddie!<\/div>\n<div class=\"smania_landing_description_subtitle\">Ne glede na to, ali se odpravljate na potovanje, poslovno ve\u010derjo ali po vsakodnevnih opravkih \u2013 s torbico Freddie boste videti moderni in elegantni ob vsaki prilo\u017enosti. Dopolnite svojo garderobo z drzno usnjeno torbico in imejte vse svoje dragocenosti pri roki.<\/div>\n<div class=\"smania_landing_description_list\">\n<ul>\n<li>Vse va\u0161e dragocenosti so varno shranjene na enem mestu<\/li>\n<li>Priro\u010den nastavljiv naramni trak<\/li>\n<li>Elegantna oblika, primerna za vsako prilo\u017enost<\/li>\n<li>Vodoodporna in trpe\u017ena<\/li>\n<li>Izdelana iz visokokakovostnega umetnega usnja<\/li>\n<\/ul><\/div>\n","protected":false},"excerpt":{"rendered":"<p>Dovolj prostora za vse, kar potrebujete|Brez\u010dasen videz usnja|Popolna dopolnitev va\u0161ih poslovnih ali vsakodnevnih obla\u010dil|Varni \u017eepki z zadrgo|Kakovostna in trpe\u017ena zunanjost iz umetnega usnja in notranjost iz poliestra|Mere: 24 \u00d7 20 \u00d7 6 cm<\/p>\n","protected":false},"featured_media":68538,"template":"","meta":{"_acf_changed":false},"product_cat":[832,22],"product_tag":[317,520],"acf":[],"_links":{"self":[{"href":"https:\/\/megapelican.com\/si\/wp-json\/wp\/v2\/product\/60256"}],"collection":[{"href":"https:\/\/megapelican.com\/si\/wp-json\/wp\/v2\/product"}],"about":[{"href":"https:\/\/megapelican.com\/si\/wp-json\/wp\/v2\/types\/product"}],"wp:featuredmedia":[{"embeddable":true,"href":"https:\/\/megapelican.com\/si\/wp-json\/wp\/v2\/media\/68538"}],"wp:attachment":[{"href":"https:\/\/megapelican.com\/si\/wp-json\/wp\/v2\/media?parent=60256"}],"wp:term":[{"taxonomy":"product_cat","embeddable":true,"href":"https:\/\/megapelican.com\/si\/wp-json\/wp\/v2\/product_cat?post=60256"},{"taxonomy":"product_tag","embeddable":true,"href":"https:\/\/megapelican.com\/si\/wp-json\/wp\/v2\/product_tag?post=60256"}],"curies":[{"name":"wp","href":"https:\/\/api.w.org\/{rel}","templated":true}]}}