{"id":59427,"date":"2023-05-22T13:39:59","date_gmt":"2023-05-22T11:39:59","guid":{"rendered":"https:\/\/s-mania.si\/izdelek\/moska-retro-ura-woodster\/"},"modified":"2024-03-24T18:26:43","modified_gmt":"2024-03-24T17:26:43","slug":"moska-retro-ura-woodster","status":"publish","type":"product","link":"https:\/\/megapelican.com\/si\/izdelek\/moska-retro-ura-woodster\/","title":{"rendered":"Mo\u0161ka retro ura Woodster"},"content":{"rendered":"<div class=\"smania_landing_description_title\">Novo! Mo\u0161ka retro ura Woodster<\/div>\n<div class=\"smania_landing_description_txt\">Va\u0161 \u010das je zdaj!<\/div>\n<div class=\"smania_landing_description_subtitle\">Model Woodster je edinstvena lesena ura z votlo \u0161tevil\u010dnico. Narejena je iz visokokakovostnih naravnih materialov, ima zanesljiv kvar\u010dni mehanizem in polep\u0161a vsako zapestje. Ta osupljiva ura s klasi\u010dnim pridihom bo zagotovo pritegnila poglede!<\/div>\n<div class=\"smania_landing_description_list\">\n<ul>\n<li>Popolna dopolnitev poslovnih ali vsakdanjih obla\u010dil<\/li>\n<li>Veliko leseno ohi\u0161je<\/li>\n<li>Edinstven votel dizajn<\/li>\n<li>Nastavljiv usnjen pa\u0161\u010dek<\/li>\n<li>Narejena iz kakovostnih naravnih materialov<\/li>\n<\/ul><\/div>\n","protected":false},"excerpt":{"rendered":"<p>Mehak usnjen pa\u0161\u010dek|Elegantna in modna|Natan\u010den kvar\u010dni mehanizem|Vrsta zaponke: klasi\u010dna zaponka|Material: les, usnje, smola|Premer ohi\u0161ja: 4,5 cm|Debelina ohi\u0161ja: 1,2 cm|\u0160irina pa\u0161\u010dka: 2,2 cm|Dol\u017eina pa\u0161\u010dka: 24 cm|Te\u017ea: 33 g<\/p>\n","protected":false},"featured_media":59419,"template":"","meta":{"_acf_changed":false},"product_cat":[832,22,994],"product_tag":[317,259],"acf":[],"_links":{"self":[{"href":"https:\/\/megapelican.com\/si\/wp-json\/wp\/v2\/product\/59427"}],"collection":[{"href":"https:\/\/megapelican.com\/si\/wp-json\/wp\/v2\/product"}],"about":[{"href":"https:\/\/megapelican.com\/si\/wp-json\/wp\/v2\/types\/product"}],"wp:featuredmedia":[{"embeddable":true,"href":"https:\/\/megapelican.com\/si\/wp-json\/wp\/v2\/media\/59419"}],"wp:attachment":[{"href":"https:\/\/megapelican.com\/si\/wp-json\/wp\/v2\/media?parent=59427"}],"wp:term":[{"taxonomy":"product_cat","embeddable":true,"href":"https:\/\/megapelican.com\/si\/wp-json\/wp\/v2\/product_cat?post=59427"},{"taxonomy":"product_tag","embeddable":true,"href":"https:\/\/megapelican.com\/si\/wp-json\/wp\/v2\/product_tag?post=59427"}],"curies":[{"name":"wp","href":"https:\/\/api.w.org\/{rel}","templated":true}]}}