{"id":5775,"date":"2021-09-17T11:43:31","date_gmt":"2021-09-17T09:43:31","guid":{"rendered":"https:\/\/s-mania.si\/izdelek\/okrogla-brisaca-za-na-plazo-mandala\/"},"modified":"2025-01-20T20:44:16","modified_gmt":"2025-01-20T19:44:16","slug":"okrogla-brisaca-za-na-plazo-mandala","status":"publish","type":"product","link":"https:\/\/megapelican.com\/si\/izdelek\/okrogla-brisaca-za-na-plazo-mandala\/","title":{"rendered":"Okrogla brisa\u010da za na pla\u017eo Mandala"},"content":{"rendered":"<div class=\"smania_landing_description_title\">Novo! Okrogla brisa\u010da za na pla\u017eo Mandala<\/div>\n<div class=\"smania_landing_description_txt\">Za prijeten dan na pla\u017ei!<\/div>\n<div class=\"smania_landing_description_subtitle\">Mandala je izjemno mehek in trpe\u017een izdelek, ki se lahko uporablja kot brisa\u010da ali odeja. Vzemite jo s seboj na pla\u017eo, piknik ali jo preprosto polo\u017eite na teraso in u\u017eivajte v poletju.<\/div>\n<div class=\"smania_landing_description_list\">\n<ul>\n<li>Moderen, boemski videz<\/li>\n<li>Neverjetno ne\u017ena in prijetna na otip<\/li>\n<li>Izjemno vpojna brisa\u010da, ki se hitro su\u0161i<\/li>\n<li>Idealna velikost, da se lahko zavijete vanjo<\/li>\n<li>\u017divahne barve, ki ne zbledijo <\/li>\n<\/ul><\/div>\n","protected":false},"excerpt":{"rendered":"<p>Lahko se uporablja kot brisa\u010da, odeja ali okras|Neverjetni geometrijski vzorci|Hitro su\u0161e\u010da in enostavna za pranje|\u010cudovite, \u017eivahne barve|Izjemno mehka in udobna|Izredno vpojna|Dimenzije: 150 \u00d7 150 cm|Material: tkanina iz mikrovlaken<\/p>\n","protected":false},"featured_media":16070,"template":"","meta":{"_acf_changed":false},"product_cat":[956,21],"product_tag":[314],"acf":[],"_links":{"self":[{"href":"https:\/\/megapelican.com\/si\/wp-json\/wp\/v2\/product\/5775"}],"collection":[{"href":"https:\/\/megapelican.com\/si\/wp-json\/wp\/v2\/product"}],"about":[{"href":"https:\/\/megapelican.com\/si\/wp-json\/wp\/v2\/types\/product"}],"wp:featuredmedia":[{"embeddable":true,"href":"https:\/\/megapelican.com\/si\/wp-json\/wp\/v2\/media\/16070"}],"wp:attachment":[{"href":"https:\/\/megapelican.com\/si\/wp-json\/wp\/v2\/media?parent=5775"}],"wp:term":[{"taxonomy":"product_cat","embeddable":true,"href":"https:\/\/megapelican.com\/si\/wp-json\/wp\/v2\/product_cat?post=5775"},{"taxonomy":"product_tag","embeddable":true,"href":"https:\/\/megapelican.com\/si\/wp-json\/wp\/v2\/product_tag?post=5775"}],"curies":[{"name":"wp","href":"https:\/\/api.w.org\/{rel}","templated":true}]}}